{"id":11,"date":"2016-01-29T09:57:04","date_gmt":"2016-01-29T08:57:04","guid":{"rendered":"http:\/\/www.mojahiszpania.eu\/?page_id=11"},"modified":"2016-02-29T12:46:37","modified_gmt":"2016-02-29T11:46:37","slug":"zestawy-swiateczne","status":"publish","type":"page","link":"https:\/\/www.mojahiszpania.eu\/index.php\/zestawy-swiateczne\/","title":{"rendered":"Zestawy \u015bwi\u0105teczne"},"content":{"rendered":"<h3>Zestawy upominkowe z oryginalnych, hiszpa\u0144skich produkt\u00f3w.<\/h3>\n<p style=\"text-align: justify;\">Te produkty s\u0105 wyj\u0105tkowe, bo maj\u0105 sw\u00f3j charakter, smak, zapach inny, ni\u017c produkty z p\u00f3\u0142nocy Europy. Dlatego postanowi\u0142em zaprezentowa\u0107 Wam wyj\u0105tkowe zestawy upominkowe, dost\u0119pne od pa\u017adziernika do grudnia, wr\u0119czane Klientom, kontrahentom oraz osobom, kt\u00f3re chcemy obdarowa\u0107 czym\u015b wyj\u0105tkowym, niedost\u0119pnym w Polsce.<\/p>\n<h3>Cartagena<\/h3>\n<p><img loading=\"lazy\" decoding=\"async\" class=\"alignnone wp-image-103 size-full\" src=\"http:\/\/www.mojahiszpania.eu\/wp-content\/uploads\/2016\/01\/Cartagena.jpg\" alt=\"Cartagena\" width=\"426\" height=\"399\" srcset=\"https:\/\/www.mojahiszpania.eu\/wp-content\/uploads\/2016\/01\/Cartagena.jpg 426w, https:\/\/www.mojahiszpania.eu\/wp-content\/uploads\/2016\/01\/Cartagena-300x281.jpg 300w\" sizes=\"auto, (max-width: 426px) 100vw, 426px\" \/><\/p>\n<h3><span style=\"color: #000000;\">Granada<\/span><\/h3>\n<p><img loading=\"lazy\" decoding=\"async\" class=\"alignnone wp-image-105 size-full\" src=\"http:\/\/www.mojahiszpania.eu\/wp-content\/uploads\/2016\/01\/Granada.jpg\" alt=\"Granada\" width=\"426\" height=\"419\" srcset=\"https:\/\/www.mojahiszpania.eu\/wp-content\/uploads\/2016\/01\/Granada.jpg 426w, https:\/\/www.mojahiszpania.eu\/wp-content\/uploads\/2016\/01\/Granada-300x295.jpg 300w\" sizes=\"auto, (max-width: 426px) 100vw, 426px\" \/><\/p>\n<h3>Murcia<\/h3>\n<p><img loading=\"lazy\" decoding=\"async\" class=\"alignnone size-full wp-image-107\" src=\"http:\/\/www.mojahiszpania.eu\/wp-content\/uploads\/2016\/01\/Murcia.jpg\" alt=\"Murcia\" width=\"426\" height=\"409\" srcset=\"https:\/\/www.mojahiszpania.eu\/wp-content\/uploads\/2016\/01\/Murcia.jpg 426w, https:\/\/www.mojahiszpania.eu\/wp-content\/uploads\/2016\/01\/Murcia-300x288.jpg 300w\" sizes=\"auto, (max-width: 426px) 100vw, 426px\" \/><\/p>\n<h3>Valencia<\/h3>\n<p><img loading=\"lazy\" decoding=\"async\" class=\"alignnone size-full wp-image-108\" src=\"http:\/\/www.mojahiszpania.eu\/wp-content\/uploads\/2016\/01\/Valencia.jpg\" alt=\"Valencia\" width=\"425\" height=\"409\" srcset=\"https:\/\/www.mojahiszpania.eu\/wp-content\/uploads\/2016\/01\/Valencia.jpg 425w, https:\/\/www.mojahiszpania.eu\/wp-content\/uploads\/2016\/01\/Valencia-300x289.jpg 300w\" sizes=\"auto, (max-width: 425px) 100vw, 425px\" \/><\/p>\n<h3>Toledo<\/h3>\n<p><img loading=\"lazy\" decoding=\"async\" class=\"alignnone size-full wp-image-109\" src=\"http:\/\/www.mojahiszpania.eu\/wp-content\/uploads\/2016\/01\/Toledo.jpg\" alt=\"Toledo\" width=\"426\" height=\"410\" srcset=\"https:\/\/www.mojahiszpania.eu\/wp-content\/uploads\/2016\/01\/Toledo.jpg 426w, https:\/\/www.mojahiszpania.eu\/wp-content\/uploads\/2016\/01\/Toledo-300x289.jpg 300w\" sizes=\"auto, (max-width: 426px) 100vw, 426px\" \/><\/p>\n","protected":false},"excerpt":{"rendered":"<p>Zestawy upominkowe z oryginalnych, hiszpa\u0144skich produkt\u00f3w. Te produkty s\u0105 wyj\u0105tkowe, bo maj\u0105 sw\u00f3j charakter, smak, zapach inny, ni\u017c produkty z p\u00f3\u0142nocy Europy. Dlatego postanowi\u0142em zaprezentowa\u0107 Wam wyj\u0105tkowe zestawy upominkowe, dost\u0119pne od pa\u017adziernika do grudnia, wr\u0119czane Klientom, kontrahentom oraz osobom, kt\u00f3re chcemy obdarowa\u0107 czym\u015b wyj\u0105tkowym, niedost\u0119pnym w Polsce. Cartagena Granada Murcia Valencia Toledo<\/p>\n","protected":false},"author":1,"featured_media":0,"parent":0,"menu_order":7,"comment_status":"closed","ping_status":"closed","template":"","meta":{"footnotes":""},"class_list":["post-11","page","type-page","status-publish","hentry"],"_links":{"self":[{"href":"https:\/\/www.mojahiszpania.eu\/index.php\/wp-json\/wp\/v2\/pages\/11","targetHints":{"allow":["GET"]}}],"collection":[{"href":"https:\/\/www.mojahiszpania.eu\/index.php\/wp-json\/wp\/v2\/pages"}],"about":[{"href":"https:\/\/www.mojahiszpania.eu\/index.php\/wp-json\/wp\/v2\/types\/page"}],"author":[{"embeddable":true,"href":"https:\/\/www.mojahiszpania.eu\/index.php\/wp-json\/wp\/v2\/users\/1"}],"replies":[{"embeddable":true,"href":"https:\/\/www.mojahiszpania.eu\/index.php\/wp-json\/wp\/v2\/comments?post=11"}],"version-history":[{"count":4,"href":"https:\/\/www.mojahiszpania.eu\/index.php\/wp-json\/wp\/v2\/pages\/11\/revisions"}],"predecessor-version":[{"id":176,"href":"https:\/\/www.mojahiszpania.eu\/index.php\/wp-json\/wp\/v2\/pages\/11\/revisions\/176"}],"wp:attachment":[{"href":"https:\/\/www.mojahiszpania.eu\/index.php\/wp-json\/wp\/v2\/media?parent=11"}],"curies":[{"name":"wp","href":"https:\/\/api.w.org\/{rel}","templated":true}]}}