{"id":184,"date":"2016-02-29T08:47:41","date_gmt":"2016-02-29T07:47:41","guid":{"rendered":"http:\/\/www.mojahiszpania.eu\/?page_id=184"},"modified":"2016-05-16T12:53:15","modified_gmt":"2016-05-16T10:53:15","slug":"parki-rozrywki","status":"publish","type":"page","link":"https:\/\/www.mojahiszpania.eu\/index.php\/atrakcje\/parki-rozrywki\/","title":{"rendered":"Aquaparki i parki rozrywki"},"content":{"rendered":"<p style=\"text-align: justify;\">Nasz apartament jest doskona\u0142\u0105 baz\u0105 wypadow\u0105 je\u015bli chodzi o zwiedzanie, do wszystkich wi\u0119kszych okolicznych miast bogatych w zabytki i atrakcje (Alicante, Murcia, Cartagena, Elche \u2013 oko\u0142o 40 km), a tak\u017ce stolicy regionu Valencii (oko\u0142o 200 km) \u2013 ze wspania\u0142ym Centrum Sztuki i Nauki oraz najwi\u0119kszym w Europie oceanarium i delfinarium. Wi\u0119kszo\u015b\u0107 dr\u00f3g do tych miast to bezp\u0142atne autostrady, tak wi\u0119c szybko i bezpiecznie dotrzemy do celu. R\u00f3wnie blisko s\u0105 parki rozrywki, gdzie mo\u017cna beztrosko sp\u0119dzi\u0107 ca\u0142y dzie\u0144 kr\u0119c\u0105c si\u0119 na karuzelach lub pluskaj\u0105c si\u0119 w wodzie na wodnych zje\u017cd\u017calniach.<\/p>\n<p>Amatorzy zabawy na pewno nie omin\u0105 <strong>Terra Mitica<\/strong> \u2013 wspania\u0142ego parku rozrywki w okolicach Benidormu i jednego z najwi\u0119kszych w Europie. To nie tylko atrakcje dla najm\u0142odszych. Karuzele, kolejki g\u00f3rskie, zje\u017cdzalnie przyci\u0105gaj\u0105 r\u00f3wnie\u017c setki tysi\u0119cy doros\u0142ych. Terra Mitica jest czynna od po\u0142owy kwietnia. Szczeg\u00f3\u0142y znajdziecie na stronie <a href=\"http:\/\/www.terramiticapark.com\/\">http:\/\/www.terramiticapark.com\/\u00a0<\/a><\/p>\n<p>Najbli\u017cszy aquapark znajduje si\u0119 w Torrevieja &#8211; 10 minut od apartamentu. Nazywa si\u0119 <strong>Aquapolis<\/strong> &#8211; <a href=\"http:\/\/torrevieja.aquopolis.es\/\">http:\/\/torrevieja.aquopolis.es\/<\/a><\/p>\n<p style=\"text-align: justify;\">Polecamy jednak aquapark w Murcia &#8211; <strong>Terra Natura<\/strong>, zaledwie 50 minut drogi samochodem, gdzie opr\u00f3cz aquaparku znajduje si\u0119 wspania\u0142e ZOO. Mo\u017cna zakupi\u0107 bilet na atrakcje wodne lub \u0142\u0105czony z ZOO (czasem s\u0105 promocje 2 w cenie 1) &#8211; <a href=\"http:\/\/murcia.terranatura.com\/es\/index.php\">http:\/\/murcia.terranatura.com\/es\/index.php<\/a><\/p>\n<p style=\"text-align: justify;\">Drugi polecany przez nas, najwi\u0119kszy w okolicy aquapark, z ekstremalnymi zje\u017cd\u017calniami znajduje si\u0119 w Benidormie i nazywa si\u0119 <strong>Aqualandia<\/strong>. Jest to wyj\u0105tkowo du\u017cy park wodny z atrakcjami dla ma\u0142ych, kilkuletnich dzieci, jak i dla doros\u0142ych szukaj\u0105cych prawdziwej adrenaliny. Droga do niego zajmuje nieco ponad godzin\u0119 autostrad\u0105. Strona\u00a0<a href=\"http:\/\/www.aqualandia.net\/\">http:\/\/www.aqualandia.net\/<\/a><\/p>\n<p style=\"text-align: justify;\">Ostatni park wodny znajduje si\u0119 r\u00f3wnie\u017c w Benidormie obok parku Terra Mitica. Nazywa si\u0119 <strong>Aqua Natura<\/strong>, obok niego jest ZOO Terra Natura, gdzie mo\u017cna obejrze\u0107 wspania\u0142e zwierz\u0119ta &#8211;\u00a0<a href=\"http:\/\/benidorm.terranatura.com\/es\/index.html\">http:\/\/benidorm.terranatura.com\/es\/index.html<\/a><\/p>\n<p style=\"text-align: justify;\">Aquapolis czynny od 3 czerwca, Terra Natura Murcia jest czynna od 16\u00a0maja, Aqua Natura od 1 maja, a Aqualandia czynna od 28 maja.<\/p>\n<p style=\"text-align: justify;\"><strong>RIO Safari<\/strong> w Elche &#8211; znajduje si\u0119 nieca\u0142e p\u00f3\u0142 godziny jazdy samochodem w stron\u0119 lotniska w Alicante, w drodze do Elche. Znajdziemy tam mn\u00f3stwo ciekawych zwierz\u0105t, przeja\u017cd\u017ck\u0119 po ZOO zapewnia samoch\u00f3d terenowy z wagonikami, a w ci\u0105gu dnia odbywa si\u0119 kilka ciekawych pokaz\u00f3w ze zwierz\u0119tami w roli g\u0142\u00f3wnej. Szczeg\u00f3\u0142y tu: \u00a0<a href=\"http:\/\/riosafari.com\/en\/\">http:\/\/riosafari.com\/en\/<\/a><\/p>\n<p style=\"text-align: justify;\">UWAGA !!! Warto skorzysta\u0107 ze zni\u017cek, kt\u00f3re mo\u017cna &#8222;zdoby\u0107&#8221; w dwojaki spos\u00f3b:<\/p>\n<p style=\"text-align: justify;\">1. Ulotki ze zni\u017ck\u0105 &#8211; na lotnisku, po odebraniu baga\u017cy, przed wyj\u015bciem do hali g\u0142\u00f3wnej mo\u017cna znale\u017a\u0107 ulotki wraz z kuponem rabatowym. Ulotki ze zni\u017ck\u0105, s\u0105 r\u00f3wnie\u017c dost\u0119pne w centrach informacji turystycznej np. w Torrevieja w procie, przy pasa\u017cu spacerowym.<\/p>\n<p style=\"text-align: justify;\"><img loading=\"lazy\" decoding=\"async\" class=\"alignnone size-full wp-image-496\" src=\"http:\/\/www.mojahiszpania.eu\/wp-content\/uploads\/2016\/02\/tourist-info-torrevieja.jpg\" alt=\"tourist-info-torrevieja\" width=\"989\" height=\"374\" srcset=\"https:\/\/www.mojahiszpania.eu\/wp-content\/uploads\/2016\/02\/tourist-info-torrevieja.jpg 989w, https:\/\/www.mojahiszpania.eu\/wp-content\/uploads\/2016\/02\/tourist-info-torrevieja-300x113.jpg 300w, https:\/\/www.mojahiszpania.eu\/wp-content\/uploads\/2016\/02\/tourist-info-torrevieja-768x290.jpg 768w\" sizes=\"auto, (max-width: 989px) 100vw, 989px\" \/><\/p>\n<p style=\"text-align: justify;\">2. Kupony rabatowe &#8211; wejd\u017a na strony park\u00f3w podane powy\u017cej, szukaj na nich aktualnych promocji. Np. Rio Safari ma na stronie g\u0142\u00f3wnej kupon rabatowy, a Aqua Natura i Terra Natura maj\u0105 kupony po wej\u015bciu do zak\u0142adki zakupu bilet\u00f3w.<\/p>\n<p style=\"text-align: justify;\">Ja polecam ulotki\u00a0zni\u017ckowe, kt\u00f3re daj\u0105 najwi\u0119kszy rabat.<\/p>\n","protected":false},"excerpt":{"rendered":"<p>Nasz apartament jest doskona\u0142\u0105 baz\u0105 wypadow\u0105 je\u015bli chodzi o zwiedzanie, do wszystkich wi\u0119kszych okolicznych miast bogatych w zabytki i atrakcje (Alicante, Murcia, Cartagena, Elche \u2013 oko\u0142o 40 km), a tak\u017ce stolicy regionu Valencii (oko\u0142o 200 km) \u2013 ze wspania\u0142ym Centrum Sztuki i Nauki oraz najwi\u0119kszym w Europie oceanarium i delfinarium. Wi\u0119kszo\u015b\u0107 dr\u00f3g do tych miast &hellip; <a href=\"https:\/\/www.mojahiszpania.eu\/index.php\/atrakcje\/parki-rozrywki\/\" class=\"more-link\">Czytaj dalej <span class=\"screen-reader-text\">Aquaparki i parki rozrywki<\/span> <span class=\"meta-nav\">&rarr;<\/span><\/a><\/p>\n","protected":false},"author":1,"featured_media":0,"parent":7,"menu_order":0,"comment_status":"closed","ping_status":"closed","template":"","meta":{"footnotes":""},"class_list":["post-184","page","type-page","status-publish","hentry"],"_links":{"self":[{"href":"https:\/\/www.mojahiszpania.eu\/index.php\/wp-json\/wp\/v2\/pages\/184","targetHints":{"allow":["GET"]}}],"collection":[{"href":"https:\/\/www.mojahiszpania.eu\/index.php\/wp-json\/wp\/v2\/pages"}],"about":[{"href":"https:\/\/www.mojahiszpania.eu\/index.php\/wp-json\/wp\/v2\/types\/page"}],"author":[{"embeddable":true,"href":"https:\/\/www.mojahiszpania.eu\/index.php\/wp-json\/wp\/v2\/users\/1"}],"replies":[{"embeddable":true,"href":"https:\/\/www.mojahiszpania.eu\/index.php\/wp-json\/wp\/v2\/comments?post=184"}],"version-history":[{"count":6,"href":"https:\/\/www.mojahiszpania.eu\/index.php\/wp-json\/wp\/v2\/pages\/184\/revisions"}],"predecessor-version":[{"id":498,"href":"https:\/\/www.mojahiszpania.eu\/index.php\/wp-json\/wp\/v2\/pages\/184\/revisions\/498"}],"up":[{"embeddable":true,"href":"https:\/\/www.mojahiszpania.eu\/index.php\/wp-json\/wp\/v2\/pages\/7"}],"wp:attachment":[{"href":"https:\/\/www.mojahiszpania.eu\/index.php\/wp-json\/wp\/v2\/media?parent=184"}],"curies":[{"name":"wp","href":"https:\/\/api.w.org\/{rel}","templated":true}]}}