{"id":194,"date":"2016-02-29T08:50:25","date_gmt":"2016-02-29T07:50:25","guid":{"rendered":"http:\/\/www.mojahiszpania.eu\/?page_id=194"},"modified":"2016-03-15T10:03:18","modified_gmt":"2016-03-15T09:03:18","slug":"lecznicze-blota","status":"publish","type":"page","link":"https:\/\/www.mojahiszpania.eu\/index.php\/atrakcje\/lecznicze-blota\/","title":{"rendered":"Lecznicze b\u0142ota w Lo Pagan"},"content":{"rendered":"<p style=\"text-align: justify;\"><strong>Lecznicze b\u0142ota w Lo Pagan przy Mar Menor<\/strong><\/p>\n<p style=\"text-align: justify;\"><img loading=\"lazy\" decoding=\"async\" class=\"alignnone size-full wp-image-418\" src=\"http:\/\/www.mojahiszpania.eu\/wp-content\/uploads\/2016\/02\/Lo_Pagan_blota.jpg\" alt=\"Lo_Pagan_blota\" width=\"533\" height=\"877\" srcset=\"https:\/\/www.mojahiszpania.eu\/wp-content\/uploads\/2016\/02\/Lo_Pagan_blota.jpg 533w, https:\/\/www.mojahiszpania.eu\/wp-content\/uploads\/2016\/02\/Lo_Pagan_blota-182x300.jpg 182w\" sizes=\"auto, (max-width: 533px) 100vw, 533px\" \/><\/p>\n<p style=\"text-align: justify;\">Niedaleko od apartamentu &#8211; ok. 20 minut jazdy samochodem, w pobli\u017cu piaszczystych pla\u017c Mar Menor (Morze Mniejsze), w miejscowo\u015bci o dziwnej nazwie Lo Pagan (dla mnie brzmi to troch\u0119 po chi\u0144sku), znajduj\u0105 si\u0119 laguny b\u0142otne. S\u0105 one doskona\u0142ym uzupe\u0142nieniem w leczeniu reumatyzmu i chor\u00f3b sk\u00f3ry. Ich sk\u0142ad chemiczny przypomina b\u0142ota lecznicze w Morzu Martwym. R\u00f3wnie\u017c\u00a0tutejszy mikroklimat wytwarzany przez Morze Mniejsze i laguny solne, jest korzystny dla chorych na astm\u0119 i schorzenia serca. Dodatkowym atutem tego miejsca jest to, \u017ce b\u0142ota lecznicze s\u0105 bardzo ma\u0142o rozreklamowane i wypromowane, dzi\u0119ki czemu nie ma tam &#8222;dzikich&#8221; t\u0142um\u00f3w. Z b\u0142ot korzysta si\u0119 za darmo, wystarczy dojecha\u0107 do Lo Pagan i przej\u015b\u0107 do lagun b\u0142otnych.<\/p>\n<p style=\"text-align: justify;\">Terapeutyczne w\u0142a\u015bciwo\u015bci b\u0142ota i gliny by\u0142y znane od staro\u017cytno\u015bci. Chi\u0144czycy wykorzystywali je od wielu wiek\u00f3w, lecz\u0105c stany zapalne i robi\u0105c z nich ok\u0142ady. Hipokrates, ojciec medycyny naturalnej, zaleca\u0142 stosowanie b\u0142ota do leczenia reumatyzmu. Tak\u017ce Empodokles, Galen, czy Paracelso opracowali wiele medykament\u00f3w opartych na bazie b\u0142ota, kt\u00f3re zawieraj\u0105 mn\u00f3stwo podstawowych sk\u0142adnik\u00f3w mineralnych, takich jak wap\u0144, magnez, krzemionka, \u017celazo i potas.\u00a0St\u0119\u017cenie jon\u00f3w magnezu, wapnia, sodu i jodu jest\u00a0na Orihuela Costa znacznie wy\u017csze, ni\u017c w innych regionach Morza \u015ar\u00f3dziemnego. Badania wykaza\u0142y, i\u017c termiczna obr\u00f3bka tego typu s\u0142onej wody ma wp\u0142yw na osmotyczn\u0105, \u015br\u00f3dmi\u0105\u017cszow\u0105 tkank\u0119 ludzkiego organizmu i r\u00f3wnie\u017c aktywnie zwi\u0119ksza kr\u0105\u017cenie krwi. W wyniku czego, eliminowane s\u0105 z organizmu toksyny. Dlatego w\u0142a\u015bciwo\u015bci lecznicze b\u0142ot w Lo Pagan s\u0105 por\u00f3wnywalne z w\u0142a\u015bciwo\u015bciami b\u0142ot z Morza Martwego.<\/p>\n<p style=\"text-align: justify;\"><em><strong>Jak korzysta\u0107 z leczniczego b\u0142ota ?<\/strong><\/em><br \/>\nNale\u017cy uda\u0107 si\u0119 do basen\u00f3w b\u0142otnych, kt\u00f3re znajduj\u0105 si\u0119 przy deptaku ci\u0105gn\u0105cym si\u0119 wg\u0142\u0105b Mar Menor. Po przybyciu na miejsce mo\u017cna zobaczy\u0107 wiele os\u00f3b wysmarowanych b\u0142otem. Najlepiej wzi\u0105\u0107 dzieci\u0119ce wiaderko lub skorzysta\u0107 z pojemnik\u00f3w, kt\u00f3re s\u0105 zwykle na brzegu basenu. Wchodzimy do wody &#8211; uwaga, latem i jesieni\u0105 jest bardzo ciep\u0142a, nast\u0119pnie z dna nabieramy b\u0142oto do pojemnika. Nast\u0119pnie nanosimy b\u0142oto na sk\u00f3r\u0119 ca\u0142ego cia\u0142a. Potem nale\u017cy pozostawi\u0107 b\u0142oto do wyschni\u0119cia na s\u0142o\u0144cu. Nast\u0119pnie wracamy do basen\u00f3w z b\u0142otem i sp\u0142ukujemy si\u0119 dok\u0142adnie wod\u0105 z basenu, pozostawiaj\u0105c tam tym samym b\u0142oto. Potem mo\u017ce ju\u017c za\u017cy\u0107 k\u0105pieli w wodzie morskiej, kt\u00f3ra znajduje si\u0119 zaraz po drugiej stronie deptaka przy b\u0142otach. Proces nale\u017cy powt\u00f3rzy\u0107 kilkakrotnie. Najlepiej uda\u0107 si\u0119 kilka razy na &#8222;ok\u0142ady&#8221; z b\u0142ota. UWAGA, b\u0142oto ma specyficzny zapach, przypominaj\u0105cy siarkowod\u00f3r, podobnie jak wody lecznicze w polskich uzdrowiskach. Je\u015bli komu\u015b nie odpowiada kuracja b\u0142otna, mo\u017ce za\u017cywa\u0107 k\u0105pieli morskich i s\u0142onecznych na pla\u017cy znajduj\u0105cej si\u0119 wprost naprzeciw b\u0142otnych lagun.<\/p>\n<p style=\"text-align: justify;\"><img loading=\"lazy\" decoding=\"async\" class=\"alignnone size-full wp-image-416\" src=\"http:\/\/www.mojahiszpania.eu\/wp-content\/uploads\/2016\/02\/Lo_Pagan_blota_me.jpg\" alt=\"Lo_Pagan_blota_me\" width=\"524\" height=\"482\" srcset=\"https:\/\/www.mojahiszpania.eu\/wp-content\/uploads\/2016\/02\/Lo_Pagan_blota_me.jpg 524w, https:\/\/www.mojahiszpania.eu\/wp-content\/uploads\/2016\/02\/Lo_Pagan_blota_me-300x276.jpg 300w\" sizes=\"auto, (max-width: 524px) 100vw, 524px\" \/><\/p>\n","protected":false},"excerpt":{"rendered":"<p>Lecznicze b\u0142ota w Lo Pagan przy Mar Menor Niedaleko od apartamentu &#8211; ok. 20 minut jazdy samochodem, w pobli\u017cu piaszczystych pla\u017c Mar Menor (Morze Mniejsze), w miejscowo\u015bci o dziwnej nazwie Lo Pagan (dla mnie brzmi to troch\u0119 po chi\u0144sku), znajduj\u0105 si\u0119 laguny b\u0142otne. S\u0105 one doskona\u0142ym uzupe\u0142nieniem w leczeniu reumatyzmu i chor\u00f3b sk\u00f3ry. Ich sk\u0142ad &hellip; <a href=\"https:\/\/www.mojahiszpania.eu\/index.php\/atrakcje\/lecznicze-blota\/\" class=\"more-link\">Czytaj dalej <span class=\"screen-reader-text\">Lecznicze b\u0142ota w Lo Pagan<\/span> <span class=\"meta-nav\">&rarr;<\/span><\/a><\/p>\n","protected":false},"author":1,"featured_media":0,"parent":7,"menu_order":6,"comment_status":"closed","ping_status":"closed","template":"","meta":{"footnotes":""},"class_list":["post-194","page","type-page","status-publish","hentry"],"_links":{"self":[{"href":"https:\/\/www.mojahiszpania.eu\/index.php\/wp-json\/wp\/v2\/pages\/194","targetHints":{"allow":["GET"]}}],"collection":[{"href":"https:\/\/www.mojahiszpania.eu\/index.php\/wp-json\/wp\/v2\/pages"}],"about":[{"href":"https:\/\/www.mojahiszpania.eu\/index.php\/wp-json\/wp\/v2\/types\/page"}],"author":[{"embeddable":true,"href":"https:\/\/www.mojahiszpania.eu\/index.php\/wp-json\/wp\/v2\/users\/1"}],"replies":[{"embeddable":true,"href":"https:\/\/www.mojahiszpania.eu\/index.php\/wp-json\/wp\/v2\/comments?post=194"}],"version-history":[{"count":4,"href":"https:\/\/www.mojahiszpania.eu\/index.php\/wp-json\/wp\/v2\/pages\/194\/revisions"}],"predecessor-version":[{"id":419,"href":"https:\/\/www.mojahiszpania.eu\/index.php\/wp-json\/wp\/v2\/pages\/194\/revisions\/419"}],"up":[{"embeddable":true,"href":"https:\/\/www.mojahiszpania.eu\/index.php\/wp-json\/wp\/v2\/pages\/7"}],"wp:attachment":[{"href":"https:\/\/www.mojahiszpania.eu\/index.php\/wp-json\/wp\/v2\/media?parent=194"}],"curies":[{"name":"wp","href":"https:\/\/api.w.org\/{rel}","templated":true}]}}