{"id":198,"date":"2016-02-29T08:51:57","date_gmt":"2016-02-29T07:51:57","guid":{"rendered":"http:\/\/www.mojahiszpania.eu\/?page_id=198"},"modified":"2025-03-12T00:13:47","modified_gmt":"2025-03-11T23:13:47","slug":"alicante","status":"publish","type":"page","link":"https:\/\/www.mojahiszpania.eu\/index.php\/miasta\/alicante\/","title":{"rendered":"Alicante"},"content":{"rendered":"\n<p>Alicante (Alacant w j\u0119zyku walencja\u0144skim) \u2013 miasto w Hiszpanii, stolica prowincji o tej samej nazwie, na po\u0142udniu Wsp\u00f3lnoty Walenckiej po\u0142o\u017cone u st\u00f3p skalistego wzniesienia, na kt\u00f3rym wznosi si\u0119 zamek Castillo de Santa B\u00e1rbara. Stolica prowincji Alicante nale\u017c\u0105cej do Wsp\u00f3lnoty Walenckiej.<\/p>\n\n\n\n<p>Alicante po\u0142o\u017cone jest na wschodnim wybrze\u017cu Hiszpanii Morza \u015ar\u00f3dziemnego nad zatok\u0105 Alicante. Nad miastem g\u00f3ruje wzniesienie Benacantil \u2013 220 m n.p.m.<\/p>\n\n\n\n<p>Castillo de Santa B\u00e1rbara \u2013 cytadela w miejscu dawnego fortu kartagi\u0144skiego z III w. p.n.e. na wzniesieniu Benacantil Barrio de Cruz \u2013 stare miasto, znajduje si\u0119 tu m.in. XIV-wieczny ko\u015bci\u00f3\u0142 Bas\u00edlica de Santa Mar\u00eda \u2013 najstarszy ko\u015bci\u00f3\u0142 Alicante, wzniesiony w miejscu dawnego, najwi\u0119kszego w mie\u015bcie, meczetu w okresie pomi\u0119dzy XIV w. a XVI wiekiem. W barokowej fasadzie bazyliki wyr\u00f3\u017cniaj\u0105 si\u0119 dwie asymetryczne wie\u017ce \u2013 jedna z XIV w. a druga z XVIII w. Wn\u0119trze ko\u015bcio\u0142a w stylu gotyckim, wyposa\u017cenie: XVIII-wieczny o\u0142tarz g\u0142\u00f3wny, chrzcielnica z XVI wieku oraz barokowe organy z 1653 roku. Concatedral de San Nicol\u00e1s de Bari \u2013 katedra, przekszta\u0142cona z dawnego meczetu w chrze\u015bcija\u0144ski ko\u015bci\u00f3\u0142 przez kr\u00f3la Alfonsa X w 1662 roku, wed\u0142ug projektu hiszpa\u0144skiego architekta Juana de Herrera. Ayuntamiento \u2013 barokowy ratusz zaprojektowany przez Lorenzo Ch\u00e1puli i wybudowany w miejscu starego ratusza, uko\u0144czony w 1760 Teatro Principal (Teatr w Alicante) \u2013 wybudowany w po\u0142owie XIX wieku wed\u0142ug projektu architekta z Alicante \u2013 Emilio Jover\u2019a Pierr\u00f3na, otwarty w 1847 roku. Katedra \u015bw. Miko\u0142aja Explanada de Espa\u00f1a \u2013 szeroka promenada nadmorska z charakterystyczn\u0105 nawierzchni\u0105 z kostki. Parque de Canalejas \u2013 park na skraju Explanada de Espa\u00f1a, w bezpo\u015brednim s\u0105siedztwie morza. Parque de El Palmeral \u2013 park na obrze\u017cach po\u0142udniowej cz\u0119\u015bci Alicante. Hotel Tryp Gran Sol \u2013 wie\u017cowiec dominuj\u0105cy panoram\u0119 miasta. Plaza Gabriel Mir\u00f3 Ko\u015bci\u00f3\u0142 i klasztor Kapucyn\u00f3w Zabytkowa hala targowa. Plaza de Torros (arena walk byk\u00f3w) Muzea: Muzeum Kolei w Torrellano Museo de Arte de Siglo XX (Muzeum Sztuki XX wieku) \u2013 eksponowane s\u0105 tu g\u0142\u00f3wnie dzie\u0142a hiszpa\u0144skich artyst\u00f3w takich jak: Joan Mir\u00f3, Pablo Picasso czy Salvador Dal\u00ed. Museo de Belenes Museo de la Asegurada Museo de las Hogueras Museo Taurino Pla\u017ce: Playa del Saladar Playa del Postiguet \u2013 szeroka piaszczysta pla\u017ca w centrum Playa de San Juan<\/p>\n\n\n\n<p><strong>WARTO ZOBACZY\u0106<\/strong><\/p>\n\n\n\n<p>Castillo de Santa B\u00e1rbara \u2013 cytadela w miejscu dawnego fortu kartagi\u0144skiego z III w. p.n.e. na wzniesieniu Benacantil<\/p>\n\n\n\n<p>Barrio de Cruz \u2013 stare miasto, znajduje si\u0119 tu m.in. XIV-wieczny ko\u015bci\u00f3\u0142 Bas\u00edlica de Santa Mar\u00eda \u2013 najstarszy ko\u015bci\u00f3\u0142 Alicante, wzniesiony w miejscu dawnego, najwi\u0119kszego w mie\u015bcie, meczetu w okresie pomi\u0119dzy XIV w. a XVI wiekiem. W barokowej fasadzie bazyliki wyr\u00f3\u017cniaj\u0105 si\u0119 dwie asymetryczne wie\u017ce \u2013 jedna z XIV w. a druga z XVIII w. Wn\u0119trze ko\u015bcio\u0142a w stylu gotyckim, wyposa\u017cenie: XVIII-wieczny o\u0142tarz g\u0142\u00f3wny, chrzcielnica z XVI wieku oraz barokowe organy z 1653 roku.<\/p>\n\n\n\n<p>Concatedral de San Nicol\u00e1s de Bari \u2013 katedra, przekszta\u0142cona z dawnego meczetu w chrze\u015bcija\u0144ski ko\u015bci\u00f3\u0142 przez kr\u00f3la Alfonsa X w 1662 roku, wed\u0142ug projektu hiszpa\u0144skiego architekta Juana de Herrera.<\/p>\n\n\n\n<p>Ayuntamiento \u2013 barokowy ratusz zaprojektowany przez Lorenzo Ch\u00e1puli i wybudowany w miejscu starego ratusza, uko\u0144czony w 1760<\/p>\n\n\n\n<p>Teatro Principal (Teatr w Alicante) \u2013 wybudowany w po\u0142owie XIX wieku wed\u0142ug projektu architekta z Alicante \u2013 Emilio Jover\u2019a Pierr\u00f3na, otwarty w 1847 roku.<\/p>\n\n\n\n<p>Katedra \u015bw. Miko\u0142aja Explanada de Espa\u00f1a \u2013 szeroka promenada nadmorska z charakterystyczn\u0105 nawierzchni\u0105 z kostki.<\/p>\n\n\n\n<p>Parque de Canalejas \u2013 park na skraju Explanada de Espa\u00f1a, w bezpo\u015brednim s\u0105siedztwie morza.<\/p>\n\n\n\n<p>Parque de El Palmeral \u2013 park na obrze\u017cach po\u0142udniowej cz\u0119\u015bci Alicante.<\/p>\n\n\n\n<p>Hotel Tryp Gran Sol \u2013 wie\u017cowiec dominuj\u0105cy panoram\u0119 miasta.<\/p>\n\n\n\n<p>Plaza Gabriel Mir\u00f3 Ko\u015bci\u00f3\u0142 i klasztor Kapucyn\u00f3w Zabytkowa hala targowa.<\/p>\n\n\n\n<p>Plaza de Torros (arena walk byk\u00f3w)<\/p>\n\n\n\n<p><strong>Muzea:<\/strong><\/p>\n\n\n\n<p>Muzeum Kolei w Torrellano<\/p>\n\n\n\n<p>Museo de Arte de Siglo XX (Muzeum Sztuki XX wieku) \u2013 eksponowane s\u0105 tu g\u0142\u00f3wnie dzie\u0142a hiszpa\u0144skich artyst\u00f3w takich jak: Joan Mir\u00f3, Pablo Picasso czy Salvador Dal\u00ed.<\/p>\n\n\n\n<p>Museo de Belenes<\/p>\n\n\n\n<p>Museo de la Asegurada<\/p>\n\n\n\n<p>Museo de las Hogueras<\/p>\n\n\n\n<p>Museo Taurino<\/p>\n\n\n\n<p><strong>Pla\u017ce:<\/strong><\/p>\n\n\n\n<p>Playa del Saladar<\/p>\n\n\n\n<p>Playa del Postiguet \u2013 szeroka piaszczysta pla\u017ca w centrum<\/p>\n\n\n\n<p>Playa de San Juan<\/p>\n","protected":false},"excerpt":{"rendered":"<p>Alicante (Alacant w j\u0119zyku walencja\u0144skim) \u2013 miasto w Hiszpanii, stolica prowincji o tej samej nazwie, na po\u0142udniu Wsp\u00f3lnoty Walenckiej po\u0142o\u017cone u st\u00f3p skalistego wzniesienia, na kt\u00f3rym wznosi si\u0119 zamek Castillo de Santa B\u00e1rbara. Stolica prowincji Alicante nale\u017c\u0105cej do Wsp\u00f3lnoty Walenckiej. Alicante po\u0142o\u017cone jest na wschodnim wybrze\u017cu Hiszpanii Morza \u015ar\u00f3dziemnego nad zatok\u0105 Alicante. Nad miastem g\u00f3ruje &hellip; <a href=\"https:\/\/www.mojahiszpania.eu\/index.php\/miasta\/alicante\/\" class=\"more-link\">Czytaj dalej <span class=\"screen-reader-text\">Alicante<\/span> <span class=\"meta-nav\">&rarr;<\/span><\/a><\/p>\n","protected":false},"author":1,"featured_media":0,"parent":4,"menu_order":0,"comment_status":"closed","ping_status":"closed","template":"","meta":{"footnotes":""},"class_list":["post-198","page","type-page","status-publish","hentry"],"_links":{"self":[{"href":"https:\/\/www.mojahiszpania.eu\/index.php\/wp-json\/wp\/v2\/pages\/198","targetHints":{"allow":["GET"]}}],"collection":[{"href":"https:\/\/www.mojahiszpania.eu\/index.php\/wp-json\/wp\/v2\/pages"}],"about":[{"href":"https:\/\/www.mojahiszpania.eu\/index.php\/wp-json\/wp\/v2\/types\/page"}],"author":[{"embeddable":true,"href":"https:\/\/www.mojahiszpania.eu\/index.php\/wp-json\/wp\/v2\/users\/1"}],"replies":[{"embeddable":true,"href":"https:\/\/www.mojahiszpania.eu\/index.php\/wp-json\/wp\/v2\/comments?post=198"}],"version-history":[{"count":8,"href":"https:\/\/www.mojahiszpania.eu\/index.php\/wp-json\/wp\/v2\/pages\/198\/revisions"}],"predecessor-version":[{"id":763,"href":"https:\/\/www.mojahiszpania.eu\/index.php\/wp-json\/wp\/v2\/pages\/198\/revisions\/763"}],"up":[{"embeddable":true,"href":"https:\/\/www.mojahiszpania.eu\/index.php\/wp-json\/wp\/v2\/pages\/4"}],"wp:attachment":[{"href":"https:\/\/www.mojahiszpania.eu\/index.php\/wp-json\/wp\/v2\/media?parent=198"}],"curies":[{"name":"wp","href":"https:\/\/api.w.org\/{rel}","templated":true}]}}