{"id":206,"date":"2016-02-29T08:52:51","date_gmt":"2016-02-29T07:52:51","guid":{"rendered":"http:\/\/www.mojahiszpania.eu\/?page_id=206"},"modified":"2016-08-01T00:08:56","modified_gmt":"2016-07-31T22:08:56","slug":"benidorm","status":"publish","type":"page","link":"https:\/\/www.mojahiszpania.eu\/index.php\/miasta\/benidorm\/","title":{"rendered":"Benidorm"},"content":{"rendered":"<p style=\"text-align: justify;\">Dzi\u015b hiszpa\u0144skie Las Vegas, czyli Benidorm. Przez jednych (szczeg\u00f3lnie m\u0142odych) kochane, a drugich krytykowane z powodu wysokich wie\u017cowc\u00f3w przy pla\u017cy, nie pasuj\u0105cych do krajobrazu nadmorskiej Hiszpanii z nisk\u0105 zaubudow\u0105. To miasto p<span class=\"text_exposed_show\">e\u0142ne rozrywek i kiczu. S\u0105 tu dwa ogromne aquaparki, w tym jeden z Zoo, a drugi z pokazem delfin\u00f3w, jest te\u017c Terra Mitica, czyli park tematyczny pe\u0142ny karuzel, rollercoaster\u00f3w, a tak\u017ce &#8222;zamek&#8221;, w kt\u00f3rym co wiecz\u00f3r rycerze walcz\u0105 na piki i miecze, a Ty siedzisz za d\u0142ugim sto\u0142em, jesz i pijesz wino i dopinguj\u0105c &#8222;swoich&#8221; rycerzy. Nie brakuje tu te\u017c dyskotek, klub\u00f3w, bar\u00f3w, gdzie wieczorem miesza si\u0119 muzyka r\u00f3\u017cnych gatunk\u00f3w, a zabawa trwa do bia\u0142ego rana. Znajdziecie tu dwie d\u0142ugie pla\u017ce Llevante i Poniente, ale zaledwie kawa\u0142ek w lewo od Llevante s\u0105 urocze, skaliste zatoczki z krystaliczn\u0105, turkusow\u0105 wod\u0105, idealne do nurkowania, podgl\u0105dania rybek, ale te\u017c do opalania i k\u0105pieli w p\u0142ytkiej wodzie. Na zachodnim kra\u0144cu Llevante znajduje si\u0119 wspania\u0142y punkt widokowy, do kt\u00f3rego dojedziesz autem lub rowerem, na samym szczycie jest postawiony bia\u0142y krzy\u017c. Z kolei na wschodnim kra\u0144cu Poniente jest r\u00f3wnie\u017c ciekawy punkt widokowy, z katolick\u0105 kapliczk\u0105 przed samym szczytem. Do Benidormu dojedziesz w oko\u0142o godzin\u0119 od apartamentu Orange. Warto tu wpa\u015b\u0107 na jeden lub dwa dni od rana do wieczora &#8211; rekomenduj\u0119 wyjazd do parku rozrywki TERRA MITICA i do Aqualandi. Polecam r\u00f3wnie\u017c wycieczki w okolicach Benidorm do rezerwatu z wodospami (dozwolona k\u0105piel) oraz do miasteczka i zamku Guadalest.<\/span><\/p>\n<p style=\"text-align: justify;\"><img loading=\"lazy\" decoding=\"async\" class=\"alignnone size-full wp-image-541\" src=\"http:\/\/www.mojahiszpania.eu\/wp-content\/uploads\/2016\/07\/IMG_1031.jpg\" alt=\"IMG_1031\" width=\"1024\" height=\"684\" srcset=\"https:\/\/www.mojahiszpania.eu\/wp-content\/uploads\/2016\/07\/IMG_1031.jpg 1024w, https:\/\/www.mojahiszpania.eu\/wp-content\/uploads\/2016\/07\/IMG_1031-300x200.jpg 300w, https:\/\/www.mojahiszpania.eu\/wp-content\/uploads\/2016\/07\/IMG_1031-768x513.jpg 768w\" sizes=\"auto, (max-width: 1024px) 100vw, 1024px\" \/> <img loading=\"lazy\" decoding=\"async\" class=\"alignnone size-full wp-image-540\" src=\"http:\/\/www.mojahiszpania.eu\/wp-content\/uploads\/2016\/07\/IMG_1028.jpg\" alt=\"IMG_1028\" width=\"1024\" height=\"684\" srcset=\"https:\/\/www.mojahiszpania.eu\/wp-content\/uploads\/2016\/07\/IMG_1028.jpg 1024w, https:\/\/www.mojahiszpania.eu\/wp-content\/uploads\/2016\/07\/IMG_1028-300x200.jpg 300w, https:\/\/www.mojahiszpania.eu\/wp-content\/uploads\/2016\/07\/IMG_1028-768x513.jpg 768w\" sizes=\"auto, (max-width: 1024px) 100vw, 1024px\" \/><\/p>\n","protected":false},"excerpt":{"rendered":"<p>Dzi\u015b hiszpa\u0144skie Las Vegas, czyli Benidorm. Przez jednych (szczeg\u00f3lnie m\u0142odych) kochane, a drugich krytykowane z powodu wysokich wie\u017cowc\u00f3w przy pla\u017cy, nie pasuj\u0105cych do krajobrazu nadmorskiej Hiszpanii z nisk\u0105 zaubudow\u0105. To miasto pe\u0142ne rozrywek i kiczu. S\u0105 tu dwa ogromne aquaparki, w tym jeden z Zoo, a drugi z pokazem delfin\u00f3w, jest te\u017c Terra Mitica, czyli &hellip; <a href=\"https:\/\/www.mojahiszpania.eu\/index.php\/miasta\/benidorm\/\" class=\"more-link\">Czytaj dalej <span class=\"screen-reader-text\">Benidorm<\/span> <span class=\"meta-nav\">&rarr;<\/span><\/a><\/p>\n","protected":false},"author":1,"featured_media":0,"parent":4,"menu_order":0,"comment_status":"closed","ping_status":"closed","template":"","meta":{"footnotes":""},"class_list":["post-206","page","type-page","status-publish","hentry"],"_links":{"self":[{"href":"https:\/\/www.mojahiszpania.eu\/index.php\/wp-json\/wp\/v2\/pages\/206","targetHints":{"allow":["GET"]}}],"collection":[{"href":"https:\/\/www.mojahiszpania.eu\/index.php\/wp-json\/wp\/v2\/pages"}],"about":[{"href":"https:\/\/www.mojahiszpania.eu\/index.php\/wp-json\/wp\/v2\/types\/page"}],"author":[{"embeddable":true,"href":"https:\/\/www.mojahiszpania.eu\/index.php\/wp-json\/wp\/v2\/users\/1"}],"replies":[{"embeddable":true,"href":"https:\/\/www.mojahiszpania.eu\/index.php\/wp-json\/wp\/v2\/comments?post=206"}],"version-history":[{"count":2,"href":"https:\/\/www.mojahiszpania.eu\/index.php\/wp-json\/wp\/v2\/pages\/206\/revisions"}],"predecessor-version":[{"id":543,"href":"https:\/\/www.mojahiszpania.eu\/index.php\/wp-json\/wp\/v2\/pages\/206\/revisions\/543"}],"up":[{"embeddable":true,"href":"https:\/\/www.mojahiszpania.eu\/index.php\/wp-json\/wp\/v2\/pages\/4"}],"wp:attachment":[{"href":"https:\/\/www.mojahiszpania.eu\/index.php\/wp-json\/wp\/v2\/media?parent=206"}],"curies":[{"name":"wp","href":"https:\/\/api.w.org\/{rel}","templated":true}]}}