{"id":208,"date":"2016-02-29T08:54:52","date_gmt":"2016-02-29T07:54:52","guid":{"rendered":"http:\/\/www.mojahiszpania.eu\/?page_id=208"},"modified":"2016-03-13T23:19:17","modified_gmt":"2016-03-13T22:19:17","slug":"o-hiszpanii","status":"publish","type":"page","link":"https:\/\/www.mojahiszpania.eu\/index.php\/o-hiszpanii\/","title":{"rendered":"O Hiszpanii"},"content":{"rendered":"<p style=\"text-align: justify;\"><img loading=\"lazy\" decoding=\"async\" class=\"alignnone size-full wp-image-322\" src=\"http:\/\/www.mojahiszpania.eu\/wp-content\/uploads\/2016\/02\/byk_Snapseed.jpg\" alt=\"byk_Snapseed\" width=\"1341\" height=\"901\" srcset=\"https:\/\/www.mojahiszpania.eu\/wp-content\/uploads\/2016\/02\/byk_Snapseed.jpg 1341w, https:\/\/www.mojahiszpania.eu\/wp-content\/uploads\/2016\/02\/byk_Snapseed-300x202.jpg 300w, https:\/\/www.mojahiszpania.eu\/wp-content\/uploads\/2016\/02\/byk_Snapseed-768x516.jpg 768w, https:\/\/www.mojahiszpania.eu\/wp-content\/uploads\/2016\/02\/byk_Snapseed-1024x688.jpg 1024w\" sizes=\"auto, (max-width: 1341px) 100vw, 1341px\" \/><\/p>\n<p style=\"text-align: justify;\">Hiszpania &#8211; wielu Polakom kojarzy si\u0119 z Barcelon\u0105. A Barcelona, to cz\u0119\u015b\u0107 Katalonii, regionu, kt\u00f3ry nie do ko\u0144ca chce by\u0107 to\u017csamy z reszt\u0105 Hiszpanii. Jaka naprawd\u0119 jest Hiszpania ? Postaram si\u0119 Wam opisa\u0107 na podstawie moich podr\u00f3\u017cy po tym cudownym, pe\u0142nym kontrast\u00f3w kraju. Na pocz\u0105tek jak mo\u017cna w skr\u00f3cie okre\u015bli\u0107 ten kraj ? Na pewno\u00a0cudowni, otwarci ludzie, t\u0119tni\u0105ce \u017cycie nocne, siesta (zamkni\u0119te sklepy w godzinach 14-17), flamenco, Corrida, wieczne fiesty, gor\u0105cy klimat, ognisty temperament, oczywi\u015bcie pi\u0142ka no\u017cna, a do tego zapewne paella, tortilla, sangria oraz czerwony kolor &#8211; &#8222;rojo&#8221;, czy s\u0142ynne postacie, jak Don Kichot, Krzysztof Kolumb, czy Picasso. Hiszpania to kraj o wyj\u0105tkowo bogatej historii, tworzonej przez Maur\u00f3w i Chrze\u015bcijan, o niezliczonej ilo\u015bci przepi\u0119knych zabytk\u00f3w, cudownych krajobraz\u00f3w morskich i g\u00f3rskich, smacznej kuchni, ale przede wszystkim ciep\u0142ych i przyjaznych ludzi. Do tego piaszczyste i skaliste pla\u017ce, wspania\u0142y klimat i mamy raj na ziemi. Pragn\u0119 szczeg\u00f3lnie zwr\u00f3ci\u0107 Wasz\u0105 uwag\u0119 na Costa Blanca &#8211; Bia\u0142e Wybrze\u017ce, po\u0142o\u017cone w regionie Valencia, w prowincji Alicante. Ca\u0142y ten region jest wyj\u0105tkowy, gdy\u017c posiada unikalny mikroklimat, oferuj\u0105cy nie tylko walory zdrowotne, ale r\u00f3wnie\u017c gwarantuj\u0105cy idealne warunki do wypoczynku przez ca\u0142y rok dzi\u0119ki 320 s\u0142onecznym dniom.<\/p>\n<p style=\"text-align: justify;\"><img loading=\"lazy\" decoding=\"async\" class=\"alignnone size-full wp-image-320\" src=\"http:\/\/www.mojahiszpania.eu\/wp-content\/uploads\/2016\/02\/drogowskaz_Costa_Blanca1.jpg\" alt=\"drogowskaz_Costa_Blanca1\" width=\"815\" height=\"540\" srcset=\"https:\/\/www.mojahiszpania.eu\/wp-content\/uploads\/2016\/02\/drogowskaz_Costa_Blanca1.jpg 815w, https:\/\/www.mojahiszpania.eu\/wp-content\/uploads\/2016\/02\/drogowskaz_Costa_Blanca1-300x199.jpg 300w, https:\/\/www.mojahiszpania.eu\/wp-content\/uploads\/2016\/02\/drogowskaz_Costa_Blanca1-768x509.jpg 768w\" sizes=\"auto, (max-width: 815px) 100vw, 815px\" \/><\/p>\n<p style=\"text-align: justify;\">Liczba ludno\u015bci: 47 mln<br \/>\nWaluta: Euro<br \/>\nPKB na mieszka\u0144ca: 22300 Euro<br \/>\nReligia dominuj\u0105ca: katolicyzm<br \/>\nUstr\u00f3j polityczny: monarchia parlamentarna<br \/>\nJ\u0119zyk urz\u0119dowy: hiszpa\u0144ski (kastylijski)<br \/>\nJ\u0119zyki w u\u017cyciu:\u00a0katalo\u0144ski, baskijski, galicyjski<br \/>\nNajwi\u0119ksze miasta:\u00a0Madryt, Barcelona, Walencja, Sewilla<\/p>\n","protected":false},"excerpt":{"rendered":"<p>Hiszpania &#8211; wielu Polakom kojarzy si\u0119 z Barcelon\u0105. A Barcelona, to cz\u0119\u015b\u0107 Katalonii, regionu, kt\u00f3ry nie do ko\u0144ca chce by\u0107 to\u017csamy z reszt\u0105 Hiszpanii. Jaka naprawd\u0119 jest Hiszpania ? Postaram si\u0119 Wam opisa\u0107 na podstawie moich podr\u00f3\u017cy po tym cudownym, pe\u0142nym kontrast\u00f3w kraju. Na pocz\u0105tek jak mo\u017cna w skr\u00f3cie okre\u015bli\u0107 ten kraj ? Na pewno\u00a0cudowni, &hellip; <a href=\"https:\/\/www.mojahiszpania.eu\/index.php\/o-hiszpanii\/\" class=\"more-link\">Czytaj dalej <span class=\"screen-reader-text\">O Hiszpanii<\/span> <span class=\"meta-nav\">&rarr;<\/span><\/a><\/p>\n","protected":false},"author":1,"featured_media":0,"parent":0,"menu_order":0,"comment_status":"closed","ping_status":"closed","template":"","meta":{"footnotes":""},"class_list":["post-208","page","type-page","status-publish","hentry"],"_links":{"self":[{"href":"https:\/\/www.mojahiszpania.eu\/index.php\/wp-json\/wp\/v2\/pages\/208","targetHints":{"allow":["GET"]}}],"collection":[{"href":"https:\/\/www.mojahiszpania.eu\/index.php\/wp-json\/wp\/v2\/pages"}],"about":[{"href":"https:\/\/www.mojahiszpania.eu\/index.php\/wp-json\/wp\/v2\/types\/page"}],"author":[{"embeddable":true,"href":"https:\/\/www.mojahiszpania.eu\/index.php\/wp-json\/wp\/v2\/users\/1"}],"replies":[{"embeddable":true,"href":"https:\/\/www.mojahiszpania.eu\/index.php\/wp-json\/wp\/v2\/comments?post=208"}],"version-history":[{"count":9,"href":"https:\/\/www.mojahiszpania.eu\/index.php\/wp-json\/wp\/v2\/pages\/208\/revisions"}],"predecessor-version":[{"id":323,"href":"https:\/\/www.mojahiszpania.eu\/index.php\/wp-json\/wp\/v2\/pages\/208\/revisions\/323"}],"wp:attachment":[{"href":"https:\/\/www.mojahiszpania.eu\/index.php\/wp-json\/wp\/v2\/media?parent=208"}],"curies":[{"name":"wp","href":"https:\/\/api.w.org\/{rel}","templated":true}]}}