{"id":310,"date":"2016-03-13T22:08:30","date_gmt":"2016-03-13T21:08:30","guid":{"rendered":"http:\/\/www.mojahiszpania.eu\/?page_id=310"},"modified":"2016-07-10T21:01:14","modified_gmt":"2016-07-10T19:01:14","slug":"informacje-praktyczne","status":"publish","type":"page","link":"https:\/\/www.mojahiszpania.eu\/index.php\/o-hiszpanii\/informacje-praktyczne\/","title":{"rendered":"Informacje praktyczne"},"content":{"rendered":"<p>Wykaz dni wolnych od pracy i dni \u015bwi\u0105tecznych dla mieszka\u0144c\u00f3w Hiszpanii w 2016 roku &#8211; \u015bwi\u0119ta w Hiszpanii 2016.<\/p>\n<p>1 stycznia \u2013 Nowy Rok (A\u00f1o Nuevo)<br \/>\n6 stycznia \u2013 Trzech Kr\u00f3li (Los Reyes Magos)<br \/>\n24 marca \u2013 Wielki Czwartek (Jueves Santo)<br \/>\n25 marca \u2013 Wielki Pi\u0105tek (Viernes Santo)<br \/>\n27 marca \u2013 Wielkanoc (Domingo de Resurrecci\u00f3n)<br \/>\n28 marca \u2013 Poniedzia\u0142ek Wielkanocny (Lunes de Pascua)<br \/>\n1 maja \u2013 \u015awi\u0119to Pracy (Fiesta del Trabajo)<br \/>\n15 maja \u2013 Zielone \u015awi\u0105tki \u2013 \u015awi\u0119to Zes\u0142ania Ducha \u015awi\u0119tego (Pentecost\u00e9s)<br \/>\n15 sierpnia \u2013 Wniebowst\u0105pienie NMP (Asunci\u00f3n de la Santisima Virgen Maria)<br \/>\n12 pa\u017adziernika \u2013 \u015awi\u0119to Narodowe Hiszpanii (Fiesta Nacional \/ Dia de la Hispanidad)<br \/>\n1 listopada \u2013 Wszystkich \u015awi\u0119tych (Todos los Santos)<br \/>\n6 grudnia \u2013 Dzie\u0144 Konstytucji w Hiszpani (D\u00eda de la Constituci\u00f3n)<br \/>\n8 grudnia \u2013 \u015awi\u0119to Niepokalanego Pocz\u0119cia NMP (Immaculada)<br \/>\n25 grudnia \u2013 Bo\u017ce Narodzenie (Las Navidades)<\/p>\n<p style=\"text-align: justify;\">W przypadku potrzebnej pomocy szukaj tutaj informacji<\/p>\n<p style=\"text-align: justify;\"><strong>Konsulowie Honorowi RP w Hiszpanii<\/strong><br \/>\nKonsul Honorowy RP w <em><strong>Walencji<\/strong><\/em><br \/>\nZakres terytorialny &#8211; autonomiczny region Walencji (Walencja, Castellon i Alicante)<br \/>\nAdres:\u00a0Avda. de las Cortes Valencinas, 26, esc. Der., planta 2\u00aa, oficina 7<br \/>\n46015 Valencia<br \/>\nTel: (+34) 963 580 002,<br \/>\nFax: (+34) 963 580 168<br \/>\nE-mail: consulpolvalencia@gmail.com<br \/>\nJ\u0119zyki: hiszpa\u0144ski, polski, angielski<br \/>\nKonsul Honorowy Ramon Sentis Duran -Walencja Konsulem Honorowym jest hiszpa\u0144ski przedsi\u0119biorca i prawnik Pan Ramon Sentis Duran.<br \/>\nKonsulat wsp\u00f3\u0142pracuje z Ambasad\u0105 RP w Madrycie, w\u0142adzami autonomicznymi, regionalnymi izbami przemys\u0142owo-handlowymi, organizacjami przedsi\u0119biorc\u00f3w reprezentuj\u0105cymi r\u00f3\u017cne sektory gospodarcze, grupami eksporter\u00f3w i importer\u00f3w oraz sieciami handlowymi. Umo\u017cliwia kontakty dla firm polskich i hiszpa\u0144skich. Konsulat mo\u017ce udzieli\u0107 wsparcia i poradnictwa prawnego np. dla firm polskich zamierzaj\u0105cych prowadzi\u0107 dzia\u0142alno\u015b\u0107 gospodarcz\u0105 w Hiszpanii oraz dla hiszpa\u0144skich w Polsce.<\/p>\n<p style=\"text-align: justify;\">Konsul Honorowy Rzeczypospolitej Polskiej w <em><strong>Murcji<\/strong><\/em><br \/>\nZakres terytorialny- Autonomiczny Region Murcji<br \/>\nAdres:<br \/>\nC\/ Cormor\u00e1n 13<br \/>\nUrb. La Glorieta, Churra<br \/>\n30110 Murcia<br \/>\nconsuladopoloniamurcia@gmail.com i\u00a0konsulatrpmurcia@gmail.com<br \/>\nJ\u0119zyki: polski, hiszpa\u0144ski, angielski<br \/>\nKonsul Honorowy Jerzy Zieleniewski -Murcja<br \/>\nKonsulatem kieruje Jerzy Zieleniewski, konsul honorowy od 23 marca 1998r.Jerzy Zieleniewski, lekarz radiolog, etatowy adiunkt w Uniwersyteckim Szpitalu w Murcji. Jest cz\u0142onkiem Hiszpa\u0144skiego Towarzystwa Radiologicznego i Europejskiego Towarzystwa Radiologii Mi\u0119\u015bniowo-Szkieletowej. Posiada tytu\u0142 Europejskiego Specjalisty z Ultrasonografii Klinicznej. Jest autorem kilkudziesi\u0119ciu prac naukowych z dziedziny radiologii i ultrasonografii. Jest cz\u0142onkiem-za\u0142ozycielem Hiszpa\u0144skiego Stowarzyszenia dla Obrony Podstawowych Praw Obywatelskich oraz cz\u0142onkiem Kr\u00f3lewskiego Towarzystwa Kawaler\u00f3w z Yuste. Odznaczony Krzy\u017cem Kawalerskim i Krzy\u017cem Oficerskim Orderu Zas\u0142ugi R.P., Odznak\u0105 Zas\u0142u\u017cony dla Kultury Polskiej, Odznak\u0105 Za Zas\u0142ugi dla Miasta \u0141odzi oraz Medalem &#8222;Serce Dziecku&#8221;.<br \/>\nDzia\u0142alno\u015b\u0107 Konsulatu Honorowego polega na:<br \/>\nPomocy obywatelom polskim mieszkaj\u0105cym na sta\u0142e lub przebywaj\u0105cym czasowo w Regionie Murcji<br \/>\nWzmacnianiu wi\u0119zi przyja\u017ani mi\u0119dzy Polsk\u0105 a Hiszpani\u0105 i znajomo\u015bci Polski w\u015br\u00f3d obywateli Murcji oraz organizacja kontakt\u00f3w gospodarczych m.in:<br \/>\nwdra\u017canie program\u00f3w wsp\u00f3\u0142pracy mi\u0119dzy miastami i mi\u0119dzyregionalnej<br \/>\nmiasta partnerskie<br \/>\nwymiany grup m\u0142odzie\u017cy<br \/>\nwsp\u00f3\u0142praca mi\u0119dzy uniwersytetami i szko\u0142ami<br \/>\nwymiany grup folklorystycznych<br \/>\norganizacja wyjazd\u00f3w turystycznych i gospodarczych do Polski i z Polski do Hiszpanii<br \/>\norganizacja polowa\u0144 w Polsce<br \/>\npomoc prawna dla przedsi\u0119biorstw i os\u00f3b prywatnych<br \/>\nt\u0142umaczenia<\/p>\n<p style=\"text-align: justify;\"><strong>Ambasada RP w Madrycie<\/strong><\/p>\n<p style=\"text-align: justify;\">Wydzia\u0142 Konsularny Ambasady RP w Madrycie:<br \/>\nc\/Goya 15, (4 pi\u0119tro)<br \/>\n28001 Madrid &#8211; (stacja metra Serrano)<br \/>\nTel.: (+34) 914 362 632 &#8211; udzielanie informacji<br \/>\nTel.: (+34) 914 362 757 &#8211; zapisy na spotkania w Konsulacie<\/p>\n","protected":false},"excerpt":{"rendered":"<p>Wykaz dni wolnych od pracy i dni \u015bwi\u0105tecznych dla mieszka\u0144c\u00f3w Hiszpanii w 2016 roku &#8211; \u015bwi\u0119ta w Hiszpanii 2016. 1 stycznia \u2013 Nowy Rok (A\u00f1o Nuevo) 6 stycznia \u2013 Trzech Kr\u00f3li (Los Reyes Magos) 24 marca \u2013 Wielki Czwartek (Jueves Santo) 25 marca \u2013 Wielki Pi\u0105tek (Viernes Santo) 27 marca \u2013 Wielkanoc (Domingo de Resurrecci\u00f3n) &hellip; <a href=\"https:\/\/www.mojahiszpania.eu\/index.php\/o-hiszpanii\/informacje-praktyczne\/\" class=\"more-link\">Czytaj dalej <span class=\"screen-reader-text\">Informacje praktyczne<\/span> <span class=\"meta-nav\">&rarr;<\/span><\/a><\/p>\n","protected":false},"author":1,"featured_media":0,"parent":208,"menu_order":2,"comment_status":"closed","ping_status":"closed","template":"","meta":{"footnotes":""},"class_list":["post-310","page","type-page","status-publish","hentry"],"_links":{"self":[{"href":"https:\/\/www.mojahiszpania.eu\/index.php\/wp-json\/wp\/v2\/pages\/310","targetHints":{"allow":["GET"]}}],"collection":[{"href":"https:\/\/www.mojahiszpania.eu\/index.php\/wp-json\/wp\/v2\/pages"}],"about":[{"href":"https:\/\/www.mojahiszpania.eu\/index.php\/wp-json\/wp\/v2\/types\/page"}],"author":[{"embeddable":true,"href":"https:\/\/www.mojahiszpania.eu\/index.php\/wp-json\/wp\/v2\/users\/1"}],"replies":[{"embeddable":true,"href":"https:\/\/www.mojahiszpania.eu\/index.php\/wp-json\/wp\/v2\/comments?post=310"}],"version-history":[{"count":4,"href":"https:\/\/www.mojahiszpania.eu\/index.php\/wp-json\/wp\/v2\/pages\/310\/revisions"}],"predecessor-version":[{"id":527,"href":"https:\/\/www.mojahiszpania.eu\/index.php\/wp-json\/wp\/v2\/pages\/310\/revisions\/527"}],"up":[{"embeddable":true,"href":"https:\/\/www.mojahiszpania.eu\/index.php\/wp-json\/wp\/v2\/pages\/208"}],"wp:attachment":[{"href":"https:\/\/www.mojahiszpania.eu\/index.php\/wp-json\/wp\/v2\/media?parent=310"}],"curies":[{"name":"wp","href":"https:\/\/api.w.org\/{rel}","templated":true}]}}