{"id":4,"date":"2016-01-29T09:52:06","date_gmt":"2016-01-29T08:52:06","guid":{"rendered":"http:\/\/www.mojahiszpania.eu\/?page_id=4"},"modified":"2022-06-24T11:36:39","modified_gmt":"2022-06-24T09:36:39","slug":"miasta","status":"publish","type":"page","link":"https:\/\/www.mojahiszpania.eu\/index.php\/miasta\/","title":{"rendered":"Miasta"},"content":{"rendered":"<p><span style=\"font-family: Arial;\"><strong>Orihuela Costa<\/strong><br \/>\n<\/span><br \/>\n<span style=\"font-family: Arial;\">W latach 80-tych Costa Blanca sta\u0142a si\u0119 bardzo popularna w\u015br\u00f3d obywateli Wielkiej Brytanii. Wielu mieszka\u0144c\u00f3w wysp brytyjskich kupi\u0142o w\u00f3wczas nieruchomo\u015bci wakacyjne i ca\u0142oroczne domy mieszkalne tworz\u0105c enklawy brytyjskie. Jednym z ulubionych miejsc nowych lokator\u00f3w z wielkiej Brytanii sta\u0142a si\u0119 Orihuela Costa. W kolejnych latach wybrze\u017ce sta\u0142o si\u0119 ulubionym miejscem wypoczynku i sta\u0142ego zamieszkania r\u00f3wnie\u017c dla obywateli innych kraj\u00f3w europejskich. Od pocz\u0105tku XX wieku na pla\u017cach i na ulicach Orihuela Costa coraz cz\u0119\u015bciej mo\u017cna spotka\u0107 obywateli Polski. Kryzys w 2009 roku na rynku nieruchomo\u015bci w Hiszpanii sprawi\u0142, \u017ce ceny dom\u00f3w i apartament\u00f3w w hiszpa\u0144skich kurortach sta\u0142y si\u0119 atrakcyjne r\u00f3wnie\u017c dla Polak\u00f3w.<\/p>\n<p>Orihuela Costa to ci\u0105g 11 wspania\u0142ych piaszczystych pla\u017c i \u0142\u0105cz\u0105cych je zatoczek wzd\u0142u\u017c hiszpa\u0144skiego wybrze\u017ca Costa Blanca Morza \u015ar\u00f3dziemnego.<br \/>\nRejon ten zlokalizowany jest w po\u0142udniowej cz\u0119\u015bci prowincji Alicante, pomi\u0119dzy miejscowo\u015bciami Torrevieja i Pilar de la Horadada. Jej nazwa pochodzi od zlokalizowanego oko\u0142o 20 kilometr\u00f3w w g\u0142\u0105b l\u0105du miasta Orihuela. Jest to historyczne, bardzo urokliwe miasto w kt\u00f3rym znajduje si\u0119 wiele cennych \u015bredniowiecznych zabytk\u00f3w.<\/p>\n<p>Wybrze\u017ce Orihuela Costa ma 16km, jest po\u0142\u0105czone nadmorsk\u0105 promenad\u0105, ci\u0105gami dla pieszych i \u015bcie\u017ckami rowerowymi. Dzi\u0119ki temu, poza korzystaniem z k\u0105pieli morskich i s\u0142onecznych, tury\u015bci i mieszka\u0144cy maj\u0105 tutaj idealne miejsce do spacer\u00f3w i wycieczek rowerowych. Ponad 320 dni s\u0142onecznych w roku, s\u0105siedztwo Laguna Rosa (jeziora solankowego) oraz bardzo \u0142agodny klimat sprawiaj\u0105, \u017ce jest to jedno z najpopularniejszych miejsc nie tylko w Hiszpanii, ale tak\u017ce w Europie.<\/p>\n<p>Dwa porty jachtowe, kilka profesjonalnych p\u00f3l golfowych, ogromne, nowoczesne centrum handlowe La Zenia Boulevard oraz szeroki wyb\u00f3r restauracji w po\u0142\u0105czeniu z szeregiem atrakcji przyrodniczych sprawiaj\u0105, \u017ce ka\u017cdy znajdzie tutaj co\u015b dla siebie.<\/p>\n<p>Dzielnice w 1 szej linii brzegowej Orihuela Costa:<br \/>\nPunta Prima<br \/>\nPlaya Flamenca<br \/>\nLa Zenia<br \/>\nCabo Roig<br \/>\nDehesa de Campoamor<\/span><\/p>\n<p>Zdrowy mikroklimat w okolicy zapewniaj\u0105 z\u0142o\u017ca soli. Do solnych jezior mo\u017cna si\u0119 dosta\u0107 jedynie samochodem. Na wylocie miasta w kierunku Alicante po lewej stronie mo\u017cna zwiedzi\u0107 park naturalny. Prosz\u0119 pami\u0119ta\u0107, \u017ce informacja turystyczna oraz hiszpa\u0144skie sklepy zamkni\u0119te s\u0105 w godzinach siesty 13:00 do 17:00.<\/p>\n","protected":false},"excerpt":{"rendered":"<p>Orihuela Costa W latach 80-tych Costa Blanca sta\u0142a si\u0119 bardzo popularna w\u015br\u00f3d obywateli Wielkiej Brytanii. Wielu mieszka\u0144c\u00f3w wysp brytyjskich kupi\u0142o w\u00f3wczas nieruchomo\u015bci wakacyjne i ca\u0142oroczne domy mieszkalne tworz\u0105c enklawy brytyjskie. Jednym z ulubionych miejsc nowych lokator\u00f3w z wielkiej Brytanii sta\u0142a si\u0119 Orihuela Costa. W kolejnych latach wybrze\u017ce sta\u0142o si\u0119 ulubionym miejscem wypoczynku i sta\u0142ego zamieszkania &hellip; <a href=\"https:\/\/www.mojahiszpania.eu\/index.php\/miasta\/\" class=\"more-link\">Czytaj dalej <span class=\"screen-reader-text\">Miasta<\/span> <span class=\"meta-nav\">&rarr;<\/span><\/a><\/p>\n","protected":false},"author":1,"featured_media":0,"parent":0,"menu_order":1,"comment_status":"closed","ping_status":"closed","template":"","meta":{"footnotes":""},"class_list":["post-4","page","type-page","status-publish","hentry"],"_links":{"self":[{"href":"https:\/\/www.mojahiszpania.eu\/index.php\/wp-json\/wp\/v2\/pages\/4","targetHints":{"allow":["GET"]}}],"collection":[{"href":"https:\/\/www.mojahiszpania.eu\/index.php\/wp-json\/wp\/v2\/pages"}],"about":[{"href":"https:\/\/www.mojahiszpania.eu\/index.php\/wp-json\/wp\/v2\/types\/page"}],"author":[{"embeddable":true,"href":"https:\/\/www.mojahiszpania.eu\/index.php\/wp-json\/wp\/v2\/users\/1"}],"replies":[{"embeddable":true,"href":"https:\/\/www.mojahiszpania.eu\/index.php\/wp-json\/wp\/v2\/comments?post=4"}],"version-history":[{"count":6,"href":"https:\/\/www.mojahiszpania.eu\/index.php\/wp-json\/wp\/v2\/pages\/4\/revisions"}],"predecessor-version":[{"id":724,"href":"https:\/\/www.mojahiszpania.eu\/index.php\/wp-json\/wp\/v2\/pages\/4\/revisions\/724"}],"wp:attachment":[{"href":"https:\/\/www.mojahiszpania.eu\/index.php\/wp-json\/wp\/v2\/media?parent=4"}],"curies":[{"name":"wp","href":"https:\/\/api.w.org\/{rel}","templated":true}]}}