{"id":500,"date":"2016-05-16T13:37:06","date_gmt":"2016-05-16T11:37:06","guid":{"rendered":"http:\/\/www.mojahiszpania.eu\/?page_id=500"},"modified":"2016-05-16T14:47:23","modified_gmt":"2016-05-16T12:47:23","slug":"rejsy-statkiem","status":"publish","type":"page","link":"https:\/\/www.mojahiszpania.eu\/index.php\/atrakcje\/rejsy-statkiem\/","title":{"rendered":"Rejsy statkiem"},"content":{"rendered":"<h3 class=\"article_abstract\"><span style=\"color: #333399;\"><strong>Rejs z widokiem na wybrze\u017ce Torrevieja<\/strong><\/span><\/h3>\n<div><\/div>\n<p style=\"text-align: justify;\"><strong>Trasa:<\/strong>\u00a0wyp\u0142ywamy statkiem z portu w Torrevieja, mijaj\u0105c po drodze p\u0142ywaj\u0105ce muzea, a nast\u0119pnie wyp\u0142ywamy z zatoki i p\u0142yniemy wzd\u0142u\u017c wybrze\u017ca, a\u017c do Playa del Cura, gdzie zawracamy i wracamy do portu.\u00a0To jest kr\u00f3tka podr\u00f3\u017c, wi\u0119c unikniesz na pewno &#8222;choroby morskiej&#8221;. \u00a0<strong>Przybli\u017cony czas trwania:<\/strong> 30 minut (w obie strony).\u00a0<strong>Cena:<\/strong><strong> 9 \u20ac<\/strong> dla doros\u0142ych, <strong>3<strong>\u20ac<\/strong><\/strong>\u00a0dla dzieci w wieku od 3 do 8 lat, za <strong>darmo<\/strong> dla dzieci do 2 lat. Specjalnie dla naszych go\u015bci zamieszczamy kupon rabatowy na kwot\u0119 1 Euro &#8211; dla ka\u017cdej osoby nale\u017cy wydrukowa\u0107 osobny kupon i okaza\u0107 przy zakupie bilet\u00f3w.<\/p>\n<p style=\"text-align: justify;\"><img loading=\"lazy\" decoding=\"async\" class=\"alignnone size-full wp-image-501\" src=\"http:\/\/www.mojahiszpania.eu\/wp-content\/uploads\/2016\/05\/Znizka_1_euro_Torrevieja_lodka.jpg\" alt=\"Znizka_1_euro_Torrevieja_lodka\" width=\"1102\" height=\"551\" srcset=\"https:\/\/www.mojahiszpania.eu\/wp-content\/uploads\/2016\/05\/Znizka_1_euro_Torrevieja_lodka.jpg 1102w, https:\/\/www.mojahiszpania.eu\/wp-content\/uploads\/2016\/05\/Znizka_1_euro_Torrevieja_lodka-300x150.jpg 300w, https:\/\/www.mojahiszpania.eu\/wp-content\/uploads\/2016\/05\/Znizka_1_euro_Torrevieja_lodka-768x384.jpg 768w, https:\/\/www.mojahiszpania.eu\/wp-content\/uploads\/2016\/05\/Znizka_1_euro_Torrevieja_lodka-1024x512.jpg 1024w\" sizes=\"auto, (max-width: 1102px) 100vw, 1102px\" \/><br \/>\n<strong>Godziny podr\u00f3\u017cy w 2016 roku:\u00a0<\/strong>Codziennie o\u00a0<strong>11 &#8211; 12.30 &#8211; 13.30<\/strong> (aby rejs si\u0119 odby\u0142 musi by\u0107 minimum 8 os\u00f3b)\u00a0<strong>Dodatkowe informacje: <\/strong>zadzwo\u0144 pod numer \u00a0+34\u00a0<strong>966 70 21 22<\/strong>\u00a0lub \u00a0+34\u00a0<strong>669 41 22 33<\/strong> i powo\u0142aj si\u0119 na Torrevieja.com<\/p>\n<p style=\"text-align: justify;\">W czasie rejsu, przewodnik b\u0119dzie informowa\u0142 Ci\u0119 o wszystkim co wida\u0107 z \u0142odzi. \u0141\u00f3d\u017a jest r\u00f3wnie\u017c dost\u0119pna na prywatne imprezy, wieczory panie\u0144skie \/ kawalerskie, etc. Polecamy prywatne rejsy po po\u0142udniu, aby by\u0107 \u015bwiadkiem wspania\u0142ych zachod\u00f3w s\u0142o\u0144ca. Wyp\u0142ywamy z tego miejsca:<\/p>\n<p><img loading=\"lazy\" decoding=\"async\" class=\"alignnone size-full wp-image-502\" src=\"http:\/\/www.mojahiszpania.eu\/wp-content\/uploads\/2016\/05\/Podroz-statkiem-wybrzeze-Torrevieja.jpg\" alt=\"Podroz-statkiem-wybrzeze-Torrevieja\" width=\"500\" height=\"240\" srcset=\"https:\/\/www.mojahiszpania.eu\/wp-content\/uploads\/2016\/05\/Podroz-statkiem-wybrzeze-Torrevieja.jpg 500w, https:\/\/www.mojahiszpania.eu\/wp-content\/uploads\/2016\/05\/Podroz-statkiem-wybrzeze-Torrevieja-300x144.jpg 300w\" sizes=\"auto, (max-width: 500px) 100vw, 500px\" \/><\/p>\n<h3 class=\"article_abstract\"><\/h3>\n<h3 class=\"article_abstract\"><span style=\"color: #333399;\"><strong>Rejs na wysp\u0119 Tabarca z Torrevieja i Santa Pola<\/strong><\/span><\/h3>\n<p style=\"text-align: justify;\"><strong>TABARCA to najmniejsza, stale zamieszkana wyspa Hiszpanii.\u00a0<\/strong>Z pobliskiej Torrevieja lub z r\u00f3wnie uroczej Santa Pola mo\u017cna urz\u0105dzi\u0107 ciekaw\u0105 wycieczk\u0119 statkiem na\u00a0poblisk\u0105 wysepk\u0119 Tabarca. Podr\u00f3\u017c statkiem zajmuje od 15 minut do oko\u0142o 40 minut &#8211; zale\u017cnie sk\u0105d wyp\u0142ywamy i jakim statkiem\/\u0142odzi\u0105. Bilet w dwie strony z Santa Pola to od 15 Euro za osob\u0119 doros\u0142a, dziecko 4-10 lat 10 Euro, grupy powy\u017cej 10 os\u00f3b maj\u0105 zni\u017cki, bilet z Torrevieja to koszt 22 Euro (kupon rabatowy powy\u017cej obowi\u0105zuje te\u017c na rejs na Tabarc\u0119 z Torrevieja). Z Santa Pola s\u0105 r\u00f3wnie\u017c rejsy z atrakcjami &#8211; nurkowanie, posi\u0142ek, wypo\u017cyczenie maski i rurki. Statki z Santa Pola kursuj\u0105 od 9.00 do 20.30 \u015brednio co 30 minut, a z Torrevieja statek wyp\u0142ywa o 11.00 i wraca ok. 18.00. Przed portem w Santa Pola jest strze\u017cony parking, gdzie mo\u017cna zostawi\u0107 samoch\u00f3d. W Torrevieja mo\u017cemy pozostawi\u0107 samoch\u00f3d na p\u0142atnym parkingu w porcie lub bezp\u0142atnie na uliczkach miasta przy marinie. Jedn\u0105 z najwi\u0119kszych atrakcji wyspy jest podwodny Park Przyrodniczy, za\u0142o\u017cony w 1986 roku. Wok\u00f3\u0142 wyspy utworzono podwodny rezerwat\u00a0marynistyczny. Jest to wspania\u0142e miejsce do nurkowania i nurkowania z\u00a0mask\u0105.\u00a0Wyspa ma ok. 1800 metr\u00f3w d\u0142ugo\u015bci i ok. 400 metr\u00f3w szeroko\u015bci, mo\u017cna j\u0105 obej\u015b\u0107 spacerkiem w 20-30 minut. Na wyspie znajduj\u0105 si\u0119 domy rybak\u00f3w, sklepiki, bary, rynek wype\u0142niony restauracjami, ko\u015bci\u00f3\u0142. Wyspa dzieli si\u0119 na dwie cz\u0119\u015bci \u2013 zamieszka\u0142\u0105 oraz niezamieszka\u0142\u0105, poro\u015bni\u0119t\u0105 dzik\u0105 ro\u015blinno\u015bci\u0105. Na zachodniej cz\u0119\u015bci znajduj\u0105 si\u0119 r\u00f3wnie\u017c ruiny fortu, cmentarz, latarnia morska oraz l\u0119gowiska ptak\u00f3w.\u00a0O wyspie poczytacie na\u00a0<a href=\"http:\/\/www.alicanteturismo.com\/tabarca-island\/?lang=en\">www.alicanteturismo.com<\/a>\u00a0oraz na\u00a0<a href=\"http:\/\/www.torrevieja.com\/eng\/what-to-do-in-torrevieja\/boat-trip-to-tabarca-island.html\">www.torrevieja.com<\/a><\/p>\n<p style=\"text-align: justify;\">Rejsy organizuj\u0105 poni\u017csze firmy:<\/p>\n<p style=\"text-align: justify;\"><a href=\"http:\/\/www.torrevieja.com\/eng\/what-to-do-in-torrevieja\/boat-trip-to-tabarca-island.html\">http:\/\/www.torrevieja.com\/eng\/what-to-do-in-torrevieja\/boat-trip-to-tabarca-island.html<\/a><\/p>\n<p><a href=\"http:\/\/www.tabarbus.es\/inicio\/\">http:\/\/www.tabarbus.es\/inicio\/<\/a><\/p>\n<p><a href=\"http:\/\/tabarcawatertaxi.com\/\">http:\/\/tabarcawatertaxi.com\/<\/a><\/p>\n<p><a href=\"http:\/\/www.islatabarca.com\/horarios-tarifas\/\">http:\/\/www.islatabarca.com\/horarios-tarifas\/<\/a><\/p>\n<p class=\"article_abstract\" style=\"text-align: justify;\">\n","protected":false},"excerpt":{"rendered":"<p>Rejs z widokiem na wybrze\u017ce Torrevieja Trasa:\u00a0wyp\u0142ywamy statkiem z portu w Torrevieja, mijaj\u0105c po drodze p\u0142ywaj\u0105ce muzea, a nast\u0119pnie wyp\u0142ywamy z zatoki i p\u0142yniemy wzd\u0142u\u017c wybrze\u017ca, a\u017c do Playa del Cura, gdzie zawracamy i wracamy do portu.\u00a0To jest kr\u00f3tka podr\u00f3\u017c, wi\u0119c unikniesz na pewno &#8222;choroby morskiej&#8221;. \u00a0Przybli\u017cony czas trwania: 30 minut (w obie strony).\u00a0Cena: 9 &hellip; <a href=\"https:\/\/www.mojahiszpania.eu\/index.php\/atrakcje\/rejsy-statkiem\/\" class=\"more-link\">Czytaj dalej <span class=\"screen-reader-text\">Rejsy statkiem<\/span> <span class=\"meta-nav\">&rarr;<\/span><\/a><\/p>\n","protected":false},"author":1,"featured_media":0,"parent":7,"menu_order":0,"comment_status":"closed","ping_status":"closed","template":"","meta":{"footnotes":""},"class_list":["post-500","page","type-page","status-publish","hentry"],"_links":{"self":[{"href":"https:\/\/www.mojahiszpania.eu\/index.php\/wp-json\/wp\/v2\/pages\/500","targetHints":{"allow":["GET"]}}],"collection":[{"href":"https:\/\/www.mojahiszpania.eu\/index.php\/wp-json\/wp\/v2\/pages"}],"about":[{"href":"https:\/\/www.mojahiszpania.eu\/index.php\/wp-json\/wp\/v2\/types\/page"}],"author":[{"embeddable":true,"href":"https:\/\/www.mojahiszpania.eu\/index.php\/wp-json\/wp\/v2\/users\/1"}],"replies":[{"embeddable":true,"href":"https:\/\/www.mojahiszpania.eu\/index.php\/wp-json\/wp\/v2\/comments?post=500"}],"version-history":[{"count":3,"href":"https:\/\/www.mojahiszpania.eu\/index.php\/wp-json\/wp\/v2\/pages\/500\/revisions"}],"predecessor-version":[{"id":507,"href":"https:\/\/www.mojahiszpania.eu\/index.php\/wp-json\/wp\/v2\/pages\/500\/revisions\/507"}],"up":[{"embeddable":true,"href":"https:\/\/www.mojahiszpania.eu\/index.php\/wp-json\/wp\/v2\/pages\/7"}],"wp:attachment":[{"href":"https:\/\/www.mojahiszpania.eu\/index.php\/wp-json\/wp\/v2\/media?parent=500"}],"curies":[{"name":"wp","href":"https:\/\/api.w.org\/{rel}","templated":true}]}}