{"id":530,"date":"2016-07-11T14:04:04","date_gmt":"2016-07-11T12:04:04","guid":{"rendered":"http:\/\/www.mojahiszpania.eu\/?page_id=530"},"modified":"2025-03-12T00:16:42","modified_gmt":"2025-03-11T23:16:42","slug":"walencja-valencia","status":"publish","type":"page","link":"https:\/\/www.mojahiszpania.eu\/index.php\/miasta\/walencja-valencia\/","title":{"rendered":"Walencja (Valencia)"},"content":{"rendered":"<p style=\"text-align: justify;\">Walencja (Valencia) &#8211; dojazd do tego pi\u0119knego miasta\u00a0zajmuje 2 godziny drogi autem, ale na pewno warto. Jest to stolica regionu Comindad Valenciana. W mie\u015bcie znajduje si\u0119 przepi\u0119kna katedra, a\u00a0w niej \u015bwi\u0119ty Gral &#8211; kielich z kt\u00f3rego podczas ostatniej wieczerzy Jezus pi\u0142 wino, przy katedrze jest te\u017c wie\u017ca z widokiem na ca\u0142e miasto. Przepi\u0119kne uliczki star\u00f3wki s\u0105 warte przej\u015bcia. Warta odwiedzenia jest La Lonja &#8211; budynek z ogromnymi kolumnami, dawna gie\u0142da jedwabiu oraz\u00a0Mercado Central &#8211; \u015bliczna hala targowa, czynna do 14-15, a w \u015brodku znajdziecie owoce morza, mi\u0119so, warzywa i owoce, specja\u0142y hiszpa\u0144skie. Koniecznie trzeba odwiedzi\u0107 centrum nauki i sztuki w dawnym korycie rzeki p\u0142yn\u0105cej przez Walencj\u0119.\u00a0Jest tam cudowne oceanarium &#8211; najpi\u0119kniejsze w Europie, kino 5D, park dinozaur\u00f3w, muzeum ziemi i pa\u0142ac muzyki. Nie zapomnijcie zajrze\u0107 do Horchateria przy ko\u015bciele Santa Catalina. Napijecie si\u0119 tam wyj\u0105tkowego napoju z migda\u0142\u00f3w ziemnych.\u00a0Horchata ma mleczn\u0105 barw\u0119, s\u0142odki smak i podawana jest na zimno, cz\u0119sto z lodem i innymi dodatkami. Posiada w\u0142a\u015bciwo\u015bci orze\u017awiaj\u0105ce i wzmacniaj\u0105ce. Dzia\u0142a jak balsam w przypadku zatrucia alkoholowego lub k\u0142opot\u00f3w \u017co\u0142\u0105dkowych.<\/p>\n<p><strong>Najciekawsze atrakcje:<\/strong><br \/>Miasteczko Sztuki i Nauki + Oceanarium<br \/>Torres de Serrano<br \/>Katedra w Walencji<br \/>Plaza de la Virgen<br \/>Mercado Central, Walencja<br \/>Gie\u0142da Jedwabiu \u2013 La Lonja<br \/>Plaza de la Reina<br \/>Albufera<br \/>Pla\u017ca Malvarrosa<br \/>Valencia City Hall<br \/>L\u2019Oceanogr\u00e0fic<br \/>Plaza Redonda<br \/>Port w Walencji<br \/>Jard\u00ed del T\u00faria, Valencia<br \/>Plaza de toros de Valencia<br \/>Muzeum Nauki Ksi\u0119cia Filipa<br \/>Kino IMAX L\u2019Hemisf\u00e8ric<br \/>Palacio del Marques de Dos Aguas<br \/>Ko\u015bci\u00f3\u0142 San Nicol\u00e1s de Bari<\/p>\n<p>&nbsp;<\/p>\n\n\n<\/br><\/br><\/br><\/br><\/br><\/br>\n","protected":false},"excerpt":{"rendered":"<p>Walencja (Valencia) &#8211; dojazd do tego pi\u0119knego miasta\u00a0zajmuje 2 godziny drogi autem, ale na pewno warto. Jest to stolica regionu Comindad Valenciana. W mie\u015bcie znajduje si\u0119 przepi\u0119kna katedra, a\u00a0w niej \u015bwi\u0119ty Gral &#8211; kielich z kt\u00f3rego podczas ostatniej wieczerzy Jezus pi\u0142 wino, przy katedrze jest te\u017c wie\u017ca z widokiem na ca\u0142e miasto. Przepi\u0119kne uliczki star\u00f3wki &hellip; <a href=\"https:\/\/www.mojahiszpania.eu\/index.php\/miasta\/walencja-valencia\/\" class=\"more-link\">Czytaj dalej <span class=\"screen-reader-text\">Walencja (Valencia)<\/span> <span class=\"meta-nav\">&rarr;<\/span><\/a><\/p>\n","protected":false},"author":1,"featured_media":0,"parent":4,"menu_order":0,"comment_status":"closed","ping_status":"closed","template":"","meta":{"footnotes":""},"class_list":["post-530","page","type-page","status-publish","hentry"],"_links":{"self":[{"href":"https:\/\/www.mojahiszpania.eu\/index.php\/wp-json\/wp\/v2\/pages\/530","targetHints":{"allow":["GET"]}}],"collection":[{"href":"https:\/\/www.mojahiszpania.eu\/index.php\/wp-json\/wp\/v2\/pages"}],"about":[{"href":"https:\/\/www.mojahiszpania.eu\/index.php\/wp-json\/wp\/v2\/types\/page"}],"author":[{"embeddable":true,"href":"https:\/\/www.mojahiszpania.eu\/index.php\/wp-json\/wp\/v2\/users\/1"}],"replies":[{"embeddable":true,"href":"https:\/\/www.mojahiszpania.eu\/index.php\/wp-json\/wp\/v2\/comments?post=530"}],"version-history":[{"count":7,"href":"https:\/\/www.mojahiszpania.eu\/index.php\/wp-json\/wp\/v2\/pages\/530\/revisions"}],"predecessor-version":[{"id":764,"href":"https:\/\/www.mojahiszpania.eu\/index.php\/wp-json\/wp\/v2\/pages\/530\/revisions\/764"}],"up":[{"embeddable":true,"href":"https:\/\/www.mojahiszpania.eu\/index.php\/wp-json\/wp\/v2\/pages\/4"}],"wp:attachment":[{"href":"https:\/\/www.mojahiszpania.eu\/index.php\/wp-json\/wp\/v2\/media?parent=530"}],"curies":[{"name":"wp","href":"https:\/\/api.w.org\/{rel}","templated":true}]}}