{"id":580,"date":"2017-04-10T19:20:23","date_gmt":"2017-04-10T17:20:23","guid":{"rendered":"http:\/\/www.mojahiszpania.eu\/?page_id=580"},"modified":"2018-08-27T10:11:59","modified_gmt":"2018-08-27T08:11:59","slug":"fiesty-w-hiszpanii-w-2017-kalendarz-imprez","status":"publish","type":"page","link":"https:\/\/www.mojahiszpania.eu\/index.php\/atrakcje\/fiesty-w-hiszpanii-w-2017-kalendarz-imprez\/","title":{"rendered":"Fiesty w Hiszpanii w 2018 &#8211; kalendarz imprez"},"content":{"rendered":"<div class=\"description\">\n<p><strong>Fiesty s\u0105 dla Hiszpan\u00f3w \u015bwietn\u0105 okazj\u0105 nie tylko do spotkania si\u0119 w gronie znajomych i wsp\u00f3lnej zabawy. To\u00a0doskona\u0142y spos\u00f3b na utrwalanie w\u0142asnej kultury.\u00a0Poznajcie kalendarz lokalnych i regionalnych\u00a0fiest, kt\u00f3re\u00a0mo\u017cecie zobaczy\u0107 b\u0119d\u0105c w Hiszpanii w 2018 roku.\u00a0<\/strong><\/p>\n<\/div>\n<div class=\"text\">\n<p>Wi\u0119kszo\u015b\u0107 hiszpa\u0144skich \u015bwi\u0105t jest ruchoma, tzn. przypada w ka\u017cdym roku\u00a0w innych dniach kalendarzowych. Mo\u017ce mie\u0107\u00a0ponadto charakter narodowy, regionalny lub lokalny\u00a0(obchodzi si\u0119 je w konkretnych miejscowo\u015bciach, gminach, prowincjach).<\/p>\n<p>Hiszpanie dziel\u0105 swoje fiesty na te o <strong>znaczeniu mi\u0119dzynarodowym <\/strong>(fiestas de inter\u00e9s turistico internacional) i <strong>narodowym <\/strong>(fiestas de inter\u00e9s turistico nacional). Jeden dzie\u0144 zabawy to dla nich zdecydowanie za ma\u0142o. Najwi\u0119ksze \u015bwi\u0119ta w Hiszpanii trwaj\u0105 przewa\u017cnie ponad tydzie\u0144. W ich przypadku, na ka\u017cdy dzie\u0144 fiesty jest przygotowywany specjalny program towarzysz\u0105cych mu imprez kulturalnych.<\/p>\n<h4><strong>Hiszpa\u0144skie fiesty o znaczeniu mi\u0119dzynarodowym<\/strong><\/h4>\n<p>&nbsp;<\/p>\n<p><strong><a class=\" \" href=\"http:\/\/hiszpania-portal.pl\/swieto-trzech-kroli-w-hiszpanii-zwyczaje\/\">5\/01-6\/01 Reyes Magos (ca\u0142a Hiszpania)<\/a><\/strong><\/p>\n<p>Hiszpania jest krajem, w kt\u00f3rym\u00a0<strong>\u015awi\u0119to Trzech Kr\u00f3li\u00a0<\/strong>(6 stycznia)\u00a0\u015bwi\u0119towane jest z najwi\u0119kszym rozmachem. Podczas dnia nazywanego epifan\u00eda\u00a0(5 stycznia) w hiszpa\u0144skich miastach organizowane\u00a0s\u0105 parady\u00a0<strong>Orszaku Trzech Kr\u00f3li\u00a0<\/strong>(Cabalgata de Reyes Magos). Najwi\u0119ksze i najciekawsze z nich odbywaj\u0105 si\u0119 w\u00a0<strong>Madrycie<\/strong>,\u00a0<strong>Sewilli<\/strong>,\u00a0<strong>Alcoy\u00a0<\/strong>i\u00a0<strong>Granadzie<\/strong>. Dzieci obrzucane s\u0105 w\u00f3wczas przez trzech m\u0119drc\u00f3w i towarzysz\u0105cych im przebiera\u0144c\u00f3w s\u0142odyczami.\u00a0Uczestnicz\u0105c w obchodach \u015awi\u0119ta Trzech Kr\u00f3li w Hiszpanii wypada skosztowa\u0107 przygotowywanego na t\u0119 okazj\u0119 ciasta o nazwie rosc\u00f3n de Reyes.<\/p>\n<p><strong>08\/02-18\/02\u00a0 Fiestas de Carnaval (<a class=\" \" href=\"http:\/\/hiszpania-portal.pl\/karnawal-na-teneryfie\/\">Santa Cruz de Tenerife\u00a0<\/a>&#8211; Teneryfa,\u00a0<a class=\" \" href=\"http:\/\/hiszpania-portal.pl\/karnawal-w-kadyksie\/\">Kadyks<\/a>\u00a0&#8211; Andaluzja, \u00c1guilas &#8211; Murcja)<\/strong><\/p>\n<p>Okres karnawa\u0142owy to dobry moment na wypoczynek w Hiszpanii.\u00a0<strong>Karnawa\u0142 w Santa Cruz de Tenerife\u00a0<\/strong>(Teneryfa) jest uznawany za jeden z najlepszych na \u015bwiecie. Nieco inn\u0105,\u00a0bardzo oryginaln\u0105\u00a0opraw\u0119 ma\u00a0<strong>karnawa\u0142 w Kadyksie\u00a0<\/strong>(Provincia de C\u00e1diz, Andaluzja).\u00a0<strong>Karnawa\u0142\u00a0<\/strong>w miasteczku\u00a0<strong>\u00c1guilas<\/strong>\u00a0w Murcji uzyska\u0142 rang\u0119\u00a0hiszpa\u0144skiej fiesty o znaczeniu mi\u0119dzynarodowym niedawno &#8211; w 2015 roku.<\/p>\n<p><strong>3\/03-6\/03\u00a0 Fiesta de la Arribada de la Carabela La Pinta (Baiona &#8211; Galicja)<\/strong><\/p>\n<p>To fiesta upami\u0119tniaj\u0105ca jedno z najwa\u017cniejszych wydarze\u0144 w historii Hiszpanii i ca\u0142ego \u015bwiata. 1 marca 1493 roku do galicyjskiego portu w Baionie wp\u0142yn\u0119\u0142a karawela Pinta (jeden ze statk\u00f3w bior\u0105cych udzia\u0142 w s\u0142ynnej wyprawie Kolumba do Wschodnich Indii)\u00a0z wiadomo\u015bci\u0105 o odkryciu Ameryki. Podczas fiesty miasteczko zamienia si\u0119 w \u015bredniowieczny gr\u00f3d. Na pi\u0119knej star\u00f3wce oraz\u00a0pobliskiej pla\u017cy odbywaj\u0105 si\u0119 r\u00f3\u017cne inscenizacje. Spotkacie tam setki os\u00f3b przebranych za rycerzy, damy dworu, minstreli oraz rzemie\u015blnik\u00f3w.<\/p>\n<p><strong>03\/03-04\/03\u00a0 El Ral\u00b7li Internacional de cotxes d&#8217;\u00e8poca Barcelona &#8211; Sitges (Sitges, Katalonia)<\/strong><\/p>\n<p>Fiesta nie tylko dla mi\u0142o\u015bnik\u00f3w motoryzacji, lecz dla wszystkich kt\u00f3rzy lubi\u0105 klimaty &#8222;retro&#8221;. Wy\u015bcig zabytkowych pojazd\u00f3w wyprodukowanych przed 1924 rokiem po malowniczych, \u015br\u00f3dziemnomorskich szosach ze startem w Barcelonie i finiszem w Sitges. Zwyciezcami nie s\u0105 ci kt\u00f3rzy dojad\u0105 do mety pierwsi lecz ci, kt\u00f3rzy wykarz\u0105 si\u0119 najwi\u0119ksz\u0105 inwencj\u0105 inwencj\u0105 na trasie wy\u015bcigu, r\u00f3wnie\u017c w zakresie ubioru. Kulminacj\u0105 fiesty jest uroczysta parada ulicami najpopularniejszego kurortu na Costa Blanca.<\/p>\n<p><strong>03\/03-11\/03\u00a0 Fiestas de la Magdalena (Castell\u00f3n de la Plana\u00a0<\/strong><b><span style=\"color: #b22222;\">&#8211; Wsp\u00f3lnota Walencka<\/span><\/b><strong>)<\/strong><\/p>\n<p>Fiesta upami\u0119tniaj\u0105ca za\u0142o\u017cenie miejscowo\u015bci Castell\u00f3n. Odbywaj\u0105ce si\u0119 w\u00a0czasie 9 dni imprezy kulturalne nawi\u0105zuj\u0105 do mitologii, historii i miejscowego folkloru. Ulicami przechodz\u0105 defilady i procesje, jest wiele koncert\u00f3w, konkurs\u00f3w,\u00a0pokaz\u00f3w fajerwerk\u00f3w, degustacji win oraz regionalnej gastronomii. W r\u00f3\u017cnych cz\u0119\u015bciach miasta rozstawiane s\u0105 \u015bwietlne konstrukcje o nazwie &#8222;gaiata&#8221;, kt\u00f3re co roku rywalizuj\u0105 ze sob\u0105 o miano najpi\u0119kniejszej.<\/p>\n<p><strong><a class=\" \" href=\"http:\/\/hiszpania-portal.pl\/fallas-fiesta-ognia-w-walencji-kukly-ninots\/\">15\/03-19\/03 Fallas de San Jos\u00e9 (Walencja &#8211; Wsp\u00f3lnota Walencka)<\/a><\/strong><\/p>\n<p>Do s\u0142ynnej fiesty\u00a0<strong>Fallas\u00a0<\/strong>mieszka\u0144cy Walencji\u00a0przygotowuj\u0105 si\u0119 przez ca\u0142y rok. W dniu 15 marca nast\u0119puje jej oficjalne otwarcie. Na ulicach miasta pojawia si\u0119 prawie tysi\u0105c gigantycznych, kartonowych kukie\u0142 &#8222;ninots&#8221;.\u00a0Przyjezdni mog\u0105\u00a0zobaczy\u0107 bij\u0105ce rekordy poziomu ha\u0142asu wystrza\u0142y petard czyli \u00a0&#8222;masclet\u00e1s&#8221;. Odbywaj\u0105 si\u0119 uliczne pochody, imprezy artystyczne oraz tradycyjne rytua\u0142y zwi\u0105zane z patronem Walencji &#8211; \u015bw. J\u00f3zefem. Kulminacj\u0105 fiesty jest spalenie kukie\u0142 (crem\u00e0) oraz wielki pokaz fajerwerk\u00f3w w nocy z 19 na 20 marca.<\/p>\n<p><strong><a class=\" \" href=\"http:\/\/hiszpania-portal.pl\/semana-santa-procesje-nazarenos-penitentes\/\">25\/03-31\/03 Semana Santa (Sewilla, M\u00e1laga i kilkana\u015bcie innych miejscowo\u015bci w Hiszpanii)<\/a><\/strong><\/p>\n<p>Obchody\u00a0<strong>\u015awi\u0105t Wielkiego Tygodnia w Hiszpanii\u00a0<\/strong>znane s\u0105 na ca\u0142ym \u015bwiecie. Nic dziwnego, \u017ce ka\u017cdego roku setki tysi\u0119cy turyst\u00f3w\u00a0chce do\u015bwiadczy\u0107 ich\u00a0magii\u00a0<strong>w\u00a0Sewilli, Maladze czy w Salamance<\/strong>.\u00a0Szczeg\u00f3lnie widowiskowe s\u0105 procesje zakapturzonych\u00a0<em>nazarenos\u00a0<\/em>i\u00a0<em>penitentes\u00a0<\/em>z przyko\u015bcielnych bractw\u00a0rozpoczynaj\u0105ce si\u0119 w Niedziel\u0119 Palmow\u0105 (Domingo de Ramos). Wa\u017cnym elementem\u00a0Semana Santa jest \u015bwi\u0105teczna gastronomia.<\/p>\n<p>Semana Santa jest uznawana za wydarzenie o randze mi\u0119dzynarodowej w nast\u0119puj\u0105cych miastach i wsiach\u00a0w Hiszpanii:<br \/>\n&#8211; Sewilla, M\u00e1laga, Granada (Andaluzja)<br \/>\n&#8211; Salamanca, Le\u00f3n, Palencia, \u00c1vila, Valladolid, Zamora, Medina de Rioseco, Medina del Campo\u00a0(Kastylia i Le\u00f3n)<br \/>\n&#8211; Saragossa, Alca\u00f1iz, H\u00edjar, La Puebla de H\u00edjar, Samper de Calanda, Urrea de Ga\u00e9n, Albalate del Arzobispo, Alcorisa,\u00a0Calanda (Aragonia)<br \/>\n&#8211; Lorca, Murcia, Cartagena (Murcja); Crevillente, Orihuela\u00a0(Wsp\u00f3lnota Walencka); Ferrol (Galicja); Cuenca, Hell\u00edn\u00a0(Kastylia La Mancha); C\u00e1ceres (Estremadura)<\/p>\n<p><strong>03\/04 \u00a0Bando de la Huerta\u00a0 (Murcia &#8211; Murcja)<\/strong><\/p>\n<p>W pierwszy wtorek po Wielkanocy\u00a0w mie\u015bcie Murcja\u00a0odbywa si\u0119 Bando de la Huerta czyli wielka\u00a0<strong>fiesta na\u00a0powitanie wiosny\u00a0<\/strong>(serii kulturalnych\u00a0imprez w ramach Fiestas de la Primavera). Przez miasto przeje\u017cd\u017caj\u0105 ci\u0105gni\u0119te przez wo\u0142y i konie kolorowe zaprz\u0119gi, z kt\u00f3rych\u00a0w t\u0142um rzucane s\u0105 rozmaite produkty spo\u017cywcze.\u00a0Mo\u017cna tam zobaczy\u0107 ludowe stroje,\u00a0wyst\u0119py muzyczne i taneczne, dary z kwiat\u00f3w dla Matki Boskiej, a przede wszystkim &#8222;live cooking&#8221; regionalnej gastronomii w po\u0142\u0105czeniu z jej degustacj\u0105.<\/p>\n<p><strong>06\/04-08\/04\u00a0 Entierro de la Sardina (Murcia &#8211; Murcja)<\/strong><\/p>\n<p>Kontynuacj\u0105\u00a0<strong>Fiestas de la Primavera\u00a0<\/strong>w Murcjii s\u0105 defilady zwi\u0105zane z tradycj\u0105\u00a0<strong>Pogrzebu Sardynki\u00a0<\/strong>(Entierro de la Sardina). W programie tej fiesty ulice miasta przemierza orszak z\u0142o\u017cony z oko\u0142o 30 \u201cgrupos sardineros\u201d, przypominaj\u0105cy po cz\u0119\u015bci zespo\u0142y karnawa\u0142owe i zawodowych komik\u00f3w. Kulminacj\u0105 \u015bwi\u0119ta jest niezwykle efektowne spalenie wielkiej, kartonowej figury sardynki.<\/p>\n<p><strong><a class=\" \" href=\"http:\/\/hiszpania-portal.pl\/moros-y-cristianos-maurowie-i-chrzescijanie-fiesta\/\">20\/04-23\/04 Fiestas de Moros y Cristianos (Alcoy &#8211; Wsp\u00f3lnota Walencka)<\/a><\/strong><\/p>\n<p>Hiszpa\u0144ska fiesta upami\u0119tniaj\u0105ca wielk\u0105 bitw\u0119 z 1276 roku pomi\u0119dzy Maurami i chrze\u015bcijanami. Gratka dla mi\u0142o\u015bnik\u00f3w \u015bredniowiecznych legend oraz\u00a0rycerskich potyczek. Podczas obchod\u00f3w\u00a0<strong>Moros y Cristianos w Alcoy\u00a0<\/strong>oko\u0142o 5 tysi\u0119cy os\u00f3b przy akompaniamencie instrument\u00f3w paraduje\u00a0w oryginalnych\u00a0strojach. Niekt\u00f3re z nich dosiadaj\u0105\u00a0koni, a nawet wielb\u0142\u0105d\u00f3w.\u00a0S\u0105 inscenizacje\u00a0bitew, pokazy walk, strzelania z \u0142uku. Fiesta\u00a0bardzo rekomendowana dla rodzin z ma\u0142ymi dzie\u0107mi.<\/p>\n<p><strong><a class=\" \" href=\"http:\/\/hiszpania-portal.pl\/feria-de-abril-sewilla-fiesta\/\">14\/04-21\/05 Feria de Abril (Sewilla &#8211; Andaluzja)<\/a><\/strong><\/p>\n<p>Najwi\u0119ksze w Hiszpanii\u00a0<strong>\u015bwi\u0119to andaluzyjskiej muzyki, ta\u0144ca i gastronomii<\/strong>. Feria de Abril porywa do szalonej zabawy wszystkich. Sewilla\u00a0przez tydzie\u0144 t\u0119tni\u0105ca \u017cyciem do bia\u0142ego rana. To r\u00f3wnie\u017c\u00a0niepowtarzalna gratka dla mi\u0142o\u015bnik\u00f3w dobrego jedzenia i andaluzyjskiej sherry.<\/p>\n<p><strong>1\/05-5\/05\u00a0 Fiestas de la Sant\u00edsima Vera Cruz (Caravaca de la Cruz\u00a0&#8211;\u00a0Murcja)<\/strong><\/p>\n<p>\u015awi\u0119to upami\u0119tniaj\u0105ce \u015bredniowieczn\u0105 legend\u0119 zwi\u0105zan\u0105 z objawieniem si\u0119 wizerunku \u015awi\u0119tego Krzy\u017ca nad zamkiem arabskiego kr\u00f3la Abu-Zayta. W trakcie 6-dniowej fiesty organizowane s\u0105 parady podobne do tych z Moros y Cristianos w Alcoy. Drugiego dnia odbywa si\u0119 rytua\u0142<strong>\u00a0Caballos del Vino\u00a0<\/strong>&#8211; sprint koni przytrzymywanych za lejce przez biegn\u0105cych obok m\u0119\u017cczyzn. S\u0105 tam tak\u017ce procesje do mieszcz\u0105cego si\u0119 w Caravaca de la Cruz zamku-sanktuarium, ofiary z kwiat\u00f3w dla patronki oraz efektowne pokazy pirotechniczne.<\/p>\n<p><strong><a class=\" \" href=\"http:\/\/hiszpania-portal.pl\/feria-del-caballo-swieto-konia-w-jerez-de-la-frontera\/\">05\/05-12\/05 Feria de Caballo (Jerez de la Frontera &#8211; Andaluzja)<\/a><\/strong><\/p>\n<p>\u015awi\u0119to andaluzyjskiego konia w Jerez de la Frontera to okazja do poznania andaluzyjskiego folkloru w pe\u0142nej krasie. Po ulicach paraduj\u0105\u00a0 ubrani w tradycyjne stroje\u00a0<em>jinetes\u00a0<\/em>i\u00a0<em>amazonas,<\/em>\u00a0z gracj\u0105 dosiadaj\u0105cy ta\u0144cz\u0105cych koni. Jest oczywi\u015bcie flamenco.\u00a0To \u015bwi\u0119to\u00a0andaluzyjskiej gastronomii popijane sherry z Jerez.<\/p>\n<p><strong><a class=\" \" href=\"http:\/\/hiszpania-portal.pl\/romeria-el-rocio-almonte-fiesta\/\">20\/05-21\/05 Romer\u00eda del Roc\u00edo (Almonte &#8211; Andaluzja)<\/a><\/strong><\/p>\n<p>Romer\u00eda del Roc\u00edo to najbardziej oryginalna pielgrzymka do miejsca kultu maryjnego w Hiszpanii. Pielgrzymi z r\u00f3\u017cnych cz\u0119\u015bci Andaluzji zmierzaj\u0105 do ko\u015bcio\u0142a w Almonte w prowincji Huelva konno, pieszo lub towarzysz\u0105c wozom zaprz\u0119\u017conym w wo\u0142y. Kulminacj\u0105 jest tradycyjny skok przez krat\u0119 i \u017cywio\u0142owe oddawanie ho\u0142du Matce Boskiej Virgen del Roc\u00edo. To fiesta, kt\u00f3rej towarzysz\u0105 flamenco, kwiaty i andaluzyjskie przysmaki.<\/p>\n<p><strong>20\/06-23\/06\u00a0 Hogueras de San Juan (<\/strong><b><span style=\"color: #b22222;\">Alicante &#8211;\u00a0Wsp\u00f3lnota Walencka, La Coru\u00f1a &#8211; Galicja<\/span><\/b><strong>)<\/strong><\/p>\n<p>Fiesta organizowana na przywitanie lata w wielu miejscowo\u015bciach w Hiszpanii ma najwspanialsz\u0105 opraw\u0119 w Alicante\u00a0nad\u00a0Morzem \u015ar\u00f3dziemnym (Wsp\u00f3lnota Walencka) i w La Coru\u00f1a nad Atlantykiem (Galicja). To \u015bwi\u0119to ognia, podczas kt\u00f3rego na pla\u017cach i ulicach miasta rozpalane s\u0105 wielkie ogniska (hogueras).\u00a0Towarzyszy temu\u00a0tak\u017ce wiele rytualnych obrz\u0119d\u00f3w zwi\u0105zanych z morzem i oczywi\u015bcie imprez przesyconych muzyk\u0105, ta\u0144cem, gastronomi\u0105 i folklorem.\u00a0Kulminacja fiesty\u00a0przypada na\u00a0Noc \u015awi\u0119toja\u0144sk\u0105 (Noche de San Juan).<\/p>\n<p><strong><a class=\" \" href=\"http:\/\/hiszpania-portal.pl\/sanfermines-fiesta-pampeluna\/\">6\/07-14\/07 Fiestas de San Ferm\u00edn (Pampeluna &#8211; Nawarra)<\/a><\/strong><\/p>\n<p>To jedna z wzbudzaj\u0105cych najwi\u0119ksze kontrowersje fiest w Hiszpanii.\u00a0Zafascynowa\u0142a wielu s\u0142ynnych artyst\u00f3w, w tym Ernesta Hemmingwaya.\u00a0Encierros czyli rytualne biegi z udzia\u0142em byk\u00f3w i ludzi, niekiedy ko\u0144cz\u0105 si\u0119 dla tych drugich utrat\u0105 zdrowia lub \u017cycia. Mimo to \u015bmia\u0142k\u00f3w do wzi\u0119cia w nich udzia\u0142u\u00a0nie brakuje, nawet w\u015br\u00f3d turyst\u00f3w. Ale popularne Sanfermines to tak\u017ce wiele\u00a0imprez kulturalnych zwi\u0105zanych z tradycj\u0105 mieszka\u0144c\u00f3w Nawarry, tak\u017ce dedykowanych dla najm\u0142odszych.\u00a0W\u015br\u00f3d regionalnych potraw numerem jeden jest oczywi\u015bcie ogon byka (rabo de toro).<\/p>\n<p><strong>12\/07-15\/07 \u00a0Festival Internacional del Mundo Celta (<\/strong><b><span style=\"color: #b22222;\">Ortigueira &#8211; Galicja<\/span><\/b><strong>)<\/strong><\/p>\n<p>Mi\u0119dzynarodowy festiwal kultury celtyckiej w Hiszpanii go\u015bci co roku w ma\u0142ym miasteczku Ortigueira w galicyjskiej prowincji La Coru\u00f1a. Szczeg\u00f3lnie ciekawe wydarzenie dla os\u00f3b zafascynowanych folklorem p\u00f3\u0142nocnoatlantyckich narod\u00f3w. Organizowane s\u0105 tam koncerty, pokazy rzemie\u015blnik\u00f3w, warsztaty ta\u0144ca i\u00a0uliczne parady.<\/p>\n<p><strong>17\/07-23\/07 Certamen Internacional de Habaneras y Polifon\u00eda (<\/strong><b><span style=\"color: #b22222;\">Torrevieja &#8211; Wsp\u00f3lnota Walencka<\/span><\/b><strong>)<\/strong><\/p>\n<p>Konkurs piosenek habaneras, kt\u00f3re dotar\u0142y z Kuby w okolice Alicante za po\u015brednictwem miejscowych marynarzy wyp\u0142ywaj\u0105cych w rejsy statkami do Nowego \u015awiata. Wykonuj\u0105 je wieloosobowe\u00a0ch\u00f3ry (r\u00f3wnie\u017c dzieci\u0119ce)\u00a0reprezentuj\u0105ce r\u00f3\u017cne kraje, g\u0142\u00f3wnie z Ameryki \u0141aci\u0144skiej.<\/p>\n<p><strong>22\/07-28\/07 \u00a0Fiestas de Moros y Cristianos (Villajoyosa &#8211;\u00a0<\/strong><b><span style=\"color: #b22222;\">Wsp\u00f3lnota Walencka<\/span><\/b><strong>)<\/strong><\/p>\n<p>W odr\u00f3\u017cnieniu od fiesty o tej samej nazwie z Alcoy, Moros y Cristianos upami\u0119tnia bitw\u0119 morsk\u0105 chrze\u015bcijan z Maurami\u00a0z 1538 roku. Opr\u00f3cz parad ludzi przebranych w rycerskie stroje mo\u017cna tak\u017ce zobaczy\u0107 wspania\u0142\u0105 inscenizacj\u0119 morsko-l\u0105dowej batalii &#8211; desant Maur\u00f3w i obron\u0119 miasta przez Hiszpan\u00f3w. Imprezie towarzyszy bogaty program artystyczno-gastronomiczny.<\/p>\n<p><strong>08\/08-24\/08\u00a0 Carreras de caballos en la playa (Sanl\u00facar de Barrameda &#8211; Andaluzja)<\/strong><\/p>\n<p>Wy\u015bcigi koni na atlantyckich pla\u017cach w miejscowo\u015bci Sanl\u00facar de Barrameda niedaleko Kadyksu to fiesta o sportowo-regionalnym charakterze. W ci\u0105gu 17 dni na tamtejszej pla\u017cy, wy\u0142\u0105cznie podczas odp\u0142yw\u00f3w, organizowane s\u0105 dwa trzydniowe cykle gonitw koni czystej krwi. Jest to bezp\u0142atne widowisko, pretekst do odrobiny hazardu dla\u00a0doros\u0142ych i nie tylko (nawet dzieci organizuj\u0105 swoj\u0105 &#8222;caseta&#8221; czyli namiot, w kt\u00f3rym przyjmuj\u0105 zak\u0142ady).\u00a0Opr\u00f3cz przyci\u0105gaj\u0105cych turyst\u00f3w z ca\u0142ego \u015bwiata gonitw jest to lokalne \u015bwi\u0119to Sanl\u00facar de Barrameda. S\u0105 tam wi\u0119c parady andaluzyjskich bryczek, flamenco i kwiatowe dywany na najwa\u017cniejszych alejkach miasteczka. To tak\u017ce \u015bwi\u0119to wina manzanilla, tamtejszej odmiany sherry z Jerez.<\/p>\n<p><b>04<\/b><strong>\/08\u00a0 Descenso Internacional del Sella (Arriondas i\u00a0Ribadesella &#8211; Asturia)<\/strong><\/p>\n<p>Fiesta\u00a0o sportowo-rekreacyjnym charakterze zwane jest tak\u017ce\u00a0<strong>\u015awi\u0119tem Kajak\u00f3w\u00a0<\/strong>(Fiesta de las Piraguas). Jest to 20-kilometrowy sp\u0142yw kajakowy g\u00f3rsk\u0105 rzek\u0105 Sella do jej uj\u015bcia do morza.\u00a0Po raz pierwszy odby\u0142 si\u0119 w 1930 roku. Nie s\u0105 to zwyczajne profesjonalno-amatorskie zawody gdy\u017c towarzysz\u0105 im asturyjski folklor (muzyka i taniec), regionalna gastronomia (m.in. picie cydru)\u00a0i \u017cywio\u0142owa zabawa.<\/p>\n<p><strong><a class=\" \" href=\"http:\/\/hiszpania-portal.pl\/fiesta-wikingow-romeria-vikinga-catoira\/\">05\/08 Romer\u00eda Vikinga (Catoira- Galicja)<\/a><\/strong><\/p>\n<p>W pierwsz\u0105 niedziel\u0119 sierpnia mieszka\u0144cy gminy Catoira w galicyjskiej prowincji Pontevedra obchodz\u0105 \u015bwi\u0119to upami\u0119tniaj\u0105ce maj\u0105ce miejsce w \u015bredniowieczu najazdy nordyckich plemion. G\u0142\u00f3wnym punktem programu fiesty jest inscenizacja morskiej inwazji Wiking\u00f3w na nabrze\u017ce w pobli\u017cu ruin tamtejszego zamku. P\u00f3\u017aniej zabawa przenosi si\u0119 na ulice Catoira, gdzie mo\u017cna zapozna\u0107 si\u0119 z galicyjskim folklorem. Uczestnicy fiesty posilaj\u0105 si\u0119 przy straganach omu\u0142kami i miejscowym winem\u00a0by po kilku godzinach stoczy\u0107 kolejn\u0105 bitw\u0119. Jest to wi\u0119c w du\u017cej mierze wydarzenie o gastronomicznym charakterze:\u00a0w bogatym jad\u0142ospisie opr\u00f3cz omu\u0142ek\u00a0kr\u00f3luj\u0105 pyszne\u00a0o\u015bmiornice, empanady, owoce morza i\u00a0ryby.<\/p>\n<p><strong>11\/08-15\/08\u00a0 Misterio de Elche (<\/strong><b><span style=\"color: #b22222;\">Elche\u00a0<\/span><\/b><strong>&#8211;\u00a0<\/strong><b><span style=\"color: #b22222;\">Wsp\u00f3lnota Walencka<\/span><\/b><strong>)<\/strong><\/p>\n<p>\u015awi\u0119to o nazwie Misterium z Elche (Misterio del Elche) wpisane jest na list\u0119 UNESCO jako ustne i niematerialne\u00a0dziedzictwo ludzko\u015bci.\u00a0Tradycja \u015bpiewania tego dwuaktowego dramatu w j\u0119zyku walenckim\u00a0o \u015bmierci, wniebowzi\u0119ciu i ukoronowaniu Naj\u015bwi\u0119tszej Marii Panny si\u0119ga co najmniej XV wieku. Dni\u00a0honoruj\u0105ce to arcydzie\u0142o kreowane na przestrzeni wielu wiek\u00f3w przypadaj\u0105 na po\u0142ow\u0119 sierpnia i ko\u0144cz\u0105 si\u0119 w \u015bwi\u0119to Wniebowzi\u0119cia Naj\u015bwi\u0119tszej Maryi Panny, kiedy odgrywana jest\u00a0druga cz\u0119\u015b\u0107 misterium tzw. La Festa.<\/p>\n<p><strong>29\/08\u00a0 La Tomatina (<\/strong><b><span style=\"color: #b22222;\">Bu\u00f1ol\u00a0<\/span><\/b><strong>&#8211;\u00a0<\/strong><b><span style=\"color: #b22222;\">Wsp\u00f3lnota Walencka<\/span><\/b><strong>)<\/strong><\/p>\n<p>Ka\u017cdego roku, w ostatni\u0105 \u015brod\u0119 sierpnia w miasteczku Bu\u00f1ol niedaleko Walencji ma miejsce najwi\u0119ksza na \u015bwiecie bitwa na pomidory. Zapocz\u0105tkowa\u0142a j\u0105 podobno zwy\u0142a spontaniczna m\u0142odych Hiszpan\u00f3w w 1945 roku. Fie\u015bcie towarzyszy oczywi\u015bcie\u00a0odpowiednia scenografia poprzedzaj\u0105ca start pomidorowej wojny, a tak\u017ce po jej zako\u0144czeniu.<\/p>\n<p><strong>01\/09-02\/09\u00a0 Fiestas del Mot\u00edn (<\/strong><b><span style=\"color: #b22222;\">Aranjuez\u00a0<\/span><\/b><strong>&#8211;\u00a0<\/strong><b><span style=\"color: #b22222;\">Wsp\u00f3lnota Madrytu<\/span><\/b><strong>)<\/strong><\/p>\n<p>\u015awi\u0119to ludyczne upami\u0119tniaj\u0105ce powstanie z 1808 roku, kt\u00f3re poskutkowa\u0142o atakiem ch\u0142op\u00f3w na\u00a0rezydencj\u0119 kr\u00f3lewsk\u0105 w podmadryckim Aranjuez\u00a0oraz p\u00f3\u017aniejsz\u0105\u00a0abdykacj\u0105 Karola IV. Inscenizacje wydarze\u0144 w dniu fiesty przywo\u0142uj\u0105 folklor uwieczniony w obrazach Goi: zabobony, czarn\u0105 magi\u0119, sabaty czarownic.<\/p>\n<p><strong>07\/09-17\/09\u00a0 Feria de Albacete (<\/strong><b><span style=\"color: #b22222;\">Albacete\u00a0<\/span><\/b><strong>&#8211;\u00a0<\/strong><b><span style=\"color: #b22222;\">Kastylia La Mancha<\/span><\/b><strong>)<\/strong><\/p>\n<p>Fiesta dedykowana jest Matce Boskiej Virgen de los Llanos, patronce najwi\u0119kszego miasta w Kastylii La Manchy\u00a0&#8211; Albacete. Wi\u0119kszo\u015b\u0107 imprez odbywa si\u0119 na terenie\u00a0XVIII-wiecznego centrum festynowego Recinto Ferial de Albacete, ze wzgl\u0119du na swoj\u0105 oryginaln\u0105 architektur\u0119 nazywanego \u017cartobliwie &#8222;patelni\u0105&#8221; (hiszp. la sart\u00e9n). W ci\u0105gu jedenastu dni fiesty odbywa si\u0119 wiele procesji, defilad, koncert\u00f3w, wyst\u0119p\u00f3w grup folklorystycznych, pokaz\u00f3w ta\u0144ca, sztuk teatralnych, korrid i\u00a0zawod\u00f3w sportowych.<\/p>\n<\/div>\n<p>\u0179r\u00f3d\u0142o:\u00a0<a href=\"http:\/\/hiszpania-portal.pl\/fiesty-swieta-imprezy-kulturalne-w-hiszpanii-2017-kalendarz\/\">http:\/\/hiszpania-portal.pl\/fiesty-swieta-imprezy-kulturalne-w-hiszpanii-2017-kalendarz\/<\/a><\/p>\n","protected":false},"excerpt":{"rendered":"<p>Fiesty s\u0105 dla Hiszpan\u00f3w \u015bwietn\u0105 okazj\u0105 nie tylko do spotkania si\u0119 w gronie znajomych i wsp\u00f3lnej zabawy. To\u00a0doskona\u0142y spos\u00f3b na utrwalanie w\u0142asnej kultury.\u00a0Poznajcie kalendarz lokalnych i regionalnych\u00a0fiest, kt\u00f3re\u00a0mo\u017cecie zobaczy\u0107 b\u0119d\u0105c w Hiszpanii w 2018 roku.\u00a0 Wi\u0119kszo\u015b\u0107 hiszpa\u0144skich \u015bwi\u0105t jest ruchoma, tzn. przypada w ka\u017cdym roku\u00a0w innych dniach kalendarzowych. Mo\u017ce mie\u0107\u00a0ponadto charakter narodowy, regionalny lub lokalny\u00a0(obchodzi &hellip; <a href=\"https:\/\/www.mojahiszpania.eu\/index.php\/atrakcje\/fiesty-w-hiszpanii-w-2017-kalendarz-imprez\/\" class=\"more-link\">Czytaj dalej <span class=\"screen-reader-text\">Fiesty w Hiszpanii w 2018 &#8211; kalendarz imprez<\/span> <span class=\"meta-nav\">&rarr;<\/span><\/a><\/p>\n","protected":false},"author":1,"featured_media":643,"parent":7,"menu_order":1,"comment_status":"closed","ping_status":"closed","template":"","meta":{"footnotes":""},"class_list":["post-580","page","type-page","status-publish","has-post-thumbnail","hentry"],"_links":{"self":[{"href":"https:\/\/www.mojahiszpania.eu\/index.php\/wp-json\/wp\/v2\/pages\/580","targetHints":{"allow":["GET"]}}],"collection":[{"href":"https:\/\/www.mojahiszpania.eu\/index.php\/wp-json\/wp\/v2\/pages"}],"about":[{"href":"https:\/\/www.mojahiszpania.eu\/index.php\/wp-json\/wp\/v2\/types\/page"}],"author":[{"embeddable":true,"href":"https:\/\/www.mojahiszpania.eu\/index.php\/wp-json\/wp\/v2\/users\/1"}],"replies":[{"embeddable":true,"href":"https:\/\/www.mojahiszpania.eu\/index.php\/wp-json\/wp\/v2\/comments?post=580"}],"version-history":[{"count":7,"href":"https:\/\/www.mojahiszpania.eu\/index.php\/wp-json\/wp\/v2\/pages\/580\/revisions"}],"predecessor-version":[{"id":647,"href":"https:\/\/www.mojahiszpania.eu\/index.php\/wp-json\/wp\/v2\/pages\/580\/revisions\/647"}],"up":[{"embeddable":true,"href":"https:\/\/www.mojahiszpania.eu\/index.php\/wp-json\/wp\/v2\/pages\/7"}],"wp:featuredmedia":[{"embeddable":true,"href":"https:\/\/www.mojahiszpania.eu\/index.php\/wp-json\/wp\/v2\/media\/643"}],"wp:attachment":[{"href":"https:\/\/www.mojahiszpania.eu\/index.php\/wp-json\/wp\/v2\/media?parent=580"}],"curies":[{"name":"wp","href":"https:\/\/api.w.org\/{rel}","templated":true}]}}