{"id":583,"date":"2017-04-11T08:59:27","date_gmt":"2017-04-11T06:59:27","guid":{"rendered":"http:\/\/www.mojahiszpania.eu\/?page_id=583"},"modified":"2017-04-11T08:59:27","modified_gmt":"2017-04-11T06:59:27","slug":"plaze-i-pola-golfowe","status":"publish","type":"page","link":"https:\/\/www.mojahiszpania.eu\/index.php\/atrakcje\/plaze-i-pola-golfowe\/","title":{"rendered":"Pla\u017ce i pola golfowe"},"content":{"rendered":"<p style=\"text-align: justify;\">Czy wiecie, \u017ce na Orihuela Costa w pobli\u017cu <a href=\"http:\/\/www.mojahiszpania.eu\/index.php\/apartamenty-wynajem\/\">Apartamentu Orange<\/a> znajduje si\u0119 a\u017c 12 pla\u017c ze z\u0142otym piaskiem oraz 7 p\u00f3l do gry w golfa ? Do ka\u017cdej z pla\u017c mo\u017cna dosta\u0107 si\u0119 samochodem zaledwie w ci\u0105gu kilku minut, do pla\u017cy przy apartamencie dojdziecie pieszo w oko\u0142o 10 minut. Szukacie pla\u017c dziewiczych, pla\u017c z wydmami, ma\u0142o ucz\u0119szczanych lub pla\u017c dla naturyst\u00f3w ? Naszym go\u015bciom oferujemy bezp\u0142atne informacje na ten temat. Dla mi\u0142o\u015bnik\u00f3w gry w golfa proponujemy skorzystanie z 7-miu uznanych p\u00f3l golfowych, do kt\u00f3rych mo\u017cna dojecha\u0107 w ci\u0105gu kilku lub kilkunastu minut. Na polach nie jest wymagana &#8222;polska&#8221; zielona karta. Po prostu przychodzisz, p\u0142acisz i grasz.<\/p>\n<p style=\"text-align: justify;\"><img loading=\"lazy\" decoding=\"async\" class=\"alignnone size-full wp-image-483\" src=\"http:\/\/www.mojahiszpania.eu\/wp-content\/uploads\/2016\/05\/plaze_pola_golfowe_orihuela_costa.jpg\" alt=\"Playas y campos de golf Orihuela Costa\" width=\"432\" height=\"562\" srcset=\"https:\/\/www.mojahiszpania.eu\/wp-content\/uploads\/2016\/05\/plaze_pola_golfowe_orihuela_costa.jpg 432w, https:\/\/www.mojahiszpania.eu\/wp-content\/uploads\/2016\/05\/plaze_pola_golfowe_orihuela_costa-231x300.jpg 231w\" sizes=\"auto, (max-width: 432px) 100vw, 432px\" \/><\/p>\n<p style=\"text-align: justify;\">Pla\u017ce i pola do gry w golfa na Orihuela Costa<\/p>\n","protected":false},"excerpt":{"rendered":"<p>Czy wiecie, \u017ce na Orihuela Costa w pobli\u017cu Apartamentu Orange znajduje si\u0119 a\u017c 12 pla\u017c ze z\u0142otym piaskiem oraz 7 p\u00f3l do gry w golfa ? Do ka\u017cdej z pla\u017c mo\u017cna dosta\u0107 si\u0119 samochodem zaledwie w ci\u0105gu kilku minut, do pla\u017cy przy apartamencie dojdziecie pieszo w oko\u0142o 10 minut. Szukacie pla\u017c dziewiczych, pla\u017c z wydmami, &hellip; <a href=\"https:\/\/www.mojahiszpania.eu\/index.php\/atrakcje\/plaze-i-pola-golfowe\/\" class=\"more-link\">Czytaj dalej <span class=\"screen-reader-text\">Pla\u017ce i pola golfowe<\/span> <span class=\"meta-nav\">&rarr;<\/span><\/a><\/p>\n","protected":false},"author":1,"featured_media":0,"parent":7,"menu_order":4,"comment_status":"closed","ping_status":"closed","template":"","meta":{"footnotes":""},"class_list":["post-583","page","type-page","status-publish","hentry"],"_links":{"self":[{"href":"https:\/\/www.mojahiszpania.eu\/index.php\/wp-json\/wp\/v2\/pages\/583","targetHints":{"allow":["GET"]}}],"collection":[{"href":"https:\/\/www.mojahiszpania.eu\/index.php\/wp-json\/wp\/v2\/pages"}],"about":[{"href":"https:\/\/www.mojahiszpania.eu\/index.php\/wp-json\/wp\/v2\/types\/page"}],"author":[{"embeddable":true,"href":"https:\/\/www.mojahiszpania.eu\/index.php\/wp-json\/wp\/v2\/users\/1"}],"replies":[{"embeddable":true,"href":"https:\/\/www.mojahiszpania.eu\/index.php\/wp-json\/wp\/v2\/comments?post=583"}],"version-history":[{"count":1,"href":"https:\/\/www.mojahiszpania.eu\/index.php\/wp-json\/wp\/v2\/pages\/583\/revisions"}],"predecessor-version":[{"id":584,"href":"https:\/\/www.mojahiszpania.eu\/index.php\/wp-json\/wp\/v2\/pages\/583\/revisions\/584"}],"up":[{"embeddable":true,"href":"https:\/\/www.mojahiszpania.eu\/index.php\/wp-json\/wp\/v2\/pages\/7"}],"wp:attachment":[{"href":"https:\/\/www.mojahiszpania.eu\/index.php\/wp-json\/wp\/v2\/media?parent=583"}],"curies":[{"name":"wp","href":"https:\/\/api.w.org\/{rel}","templated":true}]}}