{"id":725,"date":"2022-06-24T11:40:54","date_gmt":"2022-06-24T09:40:54","guid":{"rendered":"http:\/\/www.mojahiszpania.eu\/?page_id=725"},"modified":"2022-06-24T11:47:05","modified_gmt":"2022-06-24T09:47:05","slug":"ciudad_quesada","status":"publish","type":"page","link":"https:\/\/www.mojahiszpania.eu\/index.php\/miasta\/ciudad_quesada\/","title":{"rendered":"Ciudad Quesada"},"content":{"rendered":"\n<p>Ciudad Quesada to niewielka miejscowo\u015b\u0107 maj\u0105ca prawa powiatu gminy Rojales znajduje si\u0119 w po\u0142udniowej cz\u0119\u015bci tego miasta, 7 km od Morza \u015ar\u00f3dziemnego, jest oddalona o 12 km od Torrevieja i o 50 km od Alicante. Pobliskie miasta to Rojales i San Fulgencio. Miejsce to w du\u017cej mierze zamieszkuj\u0105 obcokrajowcy, w szczeg\u00f3lno\u015bci Brytyjczycy, Niemcy i Skandynawowie.<br><br>Ciudad Quesada jest miastem niezwyk\u0142ym, poniewa\u017c tak naprawd\u0119 nie istnia\u0142o a\u017c do pocz\u0105tku lat 70-tych, kiedy hiszpa\u0144ski przedsi\u0119biorca Justo Quesada Samper postanowi\u0142 za\u0142o\u017cy\u0107 w\u0142asne miasto. To zak\u0105tek, w kt\u00f3rym odnajdziemy spok\u00f3j, cisz\u0119, a przy tym nie b\u0119dziemy oddaleni od cywilizacji i rozrywek wielkiego \u015bwiata, kt\u00f3rych w Alicante, czy Torrevieja. W Ciudad Quesada jest restauracji, pub\u00f3w i sklep\u00f3w \u2013 przede wszystkim na g\u0142\u00f3wnej, wjazdowej ulicy miasteczka. Ze wzgl\u0119du na mi\u0119dzynarodowy charakter tego miasteczka, tutejsza gastronomia oferuje dania mi\u0119dzynarodowe, opr\u00f3cz tradycyjnej kuchni hiszpa\u0144skiej. Ciudad Quesada posiada r\u00f3wnie\u017c pole golfowe i aquapark, wi\u0119c ma swoje unikalne atrakcje &#8211; zale\u017cnie od tego, czego szukasz na wakacje.<br><br>Piaszczyste pla\u017ce oznaczone niebiesk\u0105 flag\u0105 znajduj\u0105 si\u0119 kilkana\u015bcie minut jazdy w pobli\u017cu hotelu Guardamar del Segura. Najblli\u017csza pla\u017ca, to Playa de Mocayo, dojazd do niej zajmuje ok. 11 minut autem.<br><br>Same osiedla s\u0105 dobrze zaprojektowane, z dobrymi cechami krajobrazowymi. W g\u0142\u0119bi l\u0105du s\u0105 g\u00f3ry, okolica otaczaj\u0105ca Ciudad Quesdada obejmuje gaje pomara\u0144czowe, a z wielu nieruchomo\u015bci mamy widok na jeziora Laguna Rosa i Laguna Salada de La Mata przy Torrevieja.<br><br>Ciudad Quesada ma r\u00f3wnie\u017c norwesk\u0105 szko\u0142\u0119 o nazwie Den Norske Skolen I Rojales<br><br>Klimat Ciudad Quesada jest bardzo sprzyjaj\u0105cy. S\u0142oneczna pogoda prawie ca\u0142y rok, a do tego s\u0105siedztwo lagun solnych, kt\u00f3re maj\u0105 rewelacyjny wp\u0142yw na zdrowie.<br><br>W pa\u017adzierniku warto odwiedzi\u0107 poblisk\u0105 miejscowo\u015b\u0107 Rojales, wtedy tu odbywa si\u0119 trzydniowy \u015bredniowieczny festyn, kt\u00f3remu towarzyszy targ z kramikami (a na nich wyroby r\u0119kodzie\u0142a artystycznego), pokazy walk i ca\u0142onocne koncerty.<br><br>Na razie Ciudad Quesada pozostaje ekskluzywn\u0105 dzielnic\u0105 mieszkaln\u0105 w pobli\u017cu Torrovieja i wybrze\u017ca, lecz wkr\u00f3tce, dzi\u0119ki licznym nagrodom za wysok\u0105 jako\u015b\u0107 \u017cycia w tej\u017ce urbanizacji, ma otrzyma\u0107 prawa miejskie.<br><br>Do Orihuela Costa dojazd zajmuje oko\u0142o 25 minut, odleg\u0142o\u015b\u0107 ok. 25km.<\/p>\n","protected":false},"excerpt":{"rendered":"<p>Ciudad Quesada to niewielka miejscowo\u015b\u0107 maj\u0105ca prawa powiatu gminy Rojales znajduje si\u0119 w po\u0142udniowej cz\u0119\u015bci tego miasta, 7 km od Morza \u015ar\u00f3dziemnego, jest oddalona o 12 km od Torrevieja i o 50 km od Alicante. Pobliskie miasta to Rojales i San Fulgencio. Miejsce to w du\u017cej mierze zamieszkuj\u0105 obcokrajowcy, w szczeg\u00f3lno\u015bci Brytyjczycy, Niemcy i Skandynawowie. &hellip; <a href=\"https:\/\/www.mojahiszpania.eu\/index.php\/miasta\/ciudad_quesada\/\" class=\"more-link\">Czytaj dalej <span class=\"screen-reader-text\">Ciudad Quesada<\/span> <span class=\"meta-nav\">&rarr;<\/span><\/a><\/p>\n","protected":false},"author":1,"featured_media":0,"parent":4,"menu_order":0,"comment_status":"closed","ping_status":"closed","template":"","meta":{"footnotes":""},"class_list":["post-725","page","type-page","status-publish","hentry"],"_links":{"self":[{"href":"https:\/\/www.mojahiszpania.eu\/index.php\/wp-json\/wp\/v2\/pages\/725","targetHints":{"allow":["GET"]}}],"collection":[{"href":"https:\/\/www.mojahiszpania.eu\/index.php\/wp-json\/wp\/v2\/pages"}],"about":[{"href":"https:\/\/www.mojahiszpania.eu\/index.php\/wp-json\/wp\/v2\/types\/page"}],"author":[{"embeddable":true,"href":"https:\/\/www.mojahiszpania.eu\/index.php\/wp-json\/wp\/v2\/users\/1"}],"replies":[{"embeddable":true,"href":"https:\/\/www.mojahiszpania.eu\/index.php\/wp-json\/wp\/v2\/comments?post=725"}],"version-history":[{"count":2,"href":"https:\/\/www.mojahiszpania.eu\/index.php\/wp-json\/wp\/v2\/pages\/725\/revisions"}],"predecessor-version":[{"id":728,"href":"https:\/\/www.mojahiszpania.eu\/index.php\/wp-json\/wp\/v2\/pages\/725\/revisions\/728"}],"up":[{"embeddable":true,"href":"https:\/\/www.mojahiszpania.eu\/index.php\/wp-json\/wp\/v2\/pages\/4"}],"wp:attachment":[{"href":"https:\/\/www.mojahiszpania.eu\/index.php\/wp-json\/wp\/v2\/media?parent=725"}],"curies":[{"name":"wp","href":"https:\/\/api.w.org\/{rel}","templated":true}]}}