{"id":732,"date":"2022-08-22T20:56:43","date_gmt":"2022-08-22T18:56:43","guid":{"rendered":"http:\/\/www.mojahiszpania.eu\/?page_id=732"},"modified":"2022-08-22T20:56:43","modified_gmt":"2022-08-22T18:56:43","slug":"pinar-de-campoverde","status":"publish","type":"page","link":"https:\/\/www.mojahiszpania.eu\/index.php\/pinar-de-campoverde\/","title":{"rendered":"Pinar de Campoverde"},"content":{"rendered":"\n<p>Pinar de Campoverde (dos\u0142ownie las sosnowy w zielonym polu) to ma\u0142a wioska po\u0142o\u017cona u podn\u00f3\u017ca pasma g\u00f3rskiego Sierra de Escalona, \u200b\u200bdziewi\u0119\u0107 kilometr\u00f3w od rady gminy Pilar de la Horadada, w prowincji Alicante w Hiszpanii. Miasto ma oko\u0142o 3000 mieszka\u0144c\u00f3w i jest oddalone o dziesi\u0119\u0107 kilometr\u00f3w od wybrze\u017ca Morza \u015ar\u00f3dziemnego.<\/p>\n\n\n\n<p>Historia<br>Miasto rozwija\u0142o si\u0119 dopiero od po\u0142owy lat 80., kiedy wielu brytyjskich, niemieckich, francuskich i skandynawskich emigrant\u00f3w osiedli\u0142o si\u0119 w willach. Pierwotnie obszar ten by\u0142 du\u017cym lasem sosnowym, po\u0142o\u017conym nad rzek\u0105 R\u00edo Seco i mia\u0142 niewielkie znaczenie rolnicze, dop\u00f3ki wi\u0119kszo\u015b\u0107 zalesionych teren\u00f3w nie zosta\u0142a oczyszczona pod gaje pomara\u0144czowe i cytrynowe. Nazwa Pinar de Campoverde lub Pinar de Campo Verde wywodzi si\u0119 z faktu, \u017ce obszar ten by\u0142 niegdy\u015b lasem sosnowym (Pinar), a jego wra\u017ceniem na pierwszych mieszka\u0144cach by\u0142o \u201ezielone pole\u201d (Campo Verde)<\/p>\n\n\n\n<p>Ludno\u015b\u0107 i obszar<br>Od niedawnego nadej\u015bcia turystyki wi\u0119kszo\u015b\u0107 populacji to emigranci, g\u0142\u00f3wnie z Wielkiej Brytanii i Niemiec. Tradycyjne centrum wioski opiera si\u0119 na dwukilometrowej Avenida del Pino, kt\u00f3ra biegnie od g\u0142\u00f3wnej drogi Pilar de la Horadada &#8211; Orihuela do miejskich boisk sportowych (Polideportivo) w R\u00edo Seco. W tym pasie znajduj\u0105 si\u0119 liczne bary i restauracje, agencje nieruchomo\u015bci i sklepy. Istnieje r\u00f3wnie\u017c centrum medyczne, stomatolog i weterynarz. W niedziel\u0119 w centrum wioski, w pobli\u017cu bezp\u0142atnego parkingu, odbywa si\u0119 ma\u0142y targ uliczny.<\/p>\n\n\n\n<p>\u201eNowy\u201d obszar, po\u0142o\u017cony na zach\u00f3d od wsi, jest budowany od ko\u0144ca lat 90. XX wieku i jest zamieszkany prawie wy\u0142\u0105cznie przez obcokrajowc\u00f3w (chocia\u017c mieszka w\u015br\u00f3d nich kilka rodzin hiszpa\u0144skich). Na szczycie wioski znajduje si\u0119 druga dzielnica handlowa z aptek\u0105 oraz kilkoma barami i sklepami, z kt\u00f3rych roztaczaj\u0105 si\u0119 wspania\u0142e widoki na okolic\u0119. Zbudowane na brzegu rzeki Rio Seco (sucha rzeka), obszary mieszkalne s\u0105 zazwyczaj pag\u00f3rkowate, a \u201estary\u201d obszar ma miejscami bardzo w\u0105skie \u015bcie\u017cki. To tutaj znajdziesz Parque Central (Central Park).<\/p>\n\n\n\n<p>Wioska szczyci si\u0119 trzema supermarketami, Spar in the Plaza przy wje\u017adzie do wioski i British Overseas Supermarket przy Avenida de Las Especias. Trzeci to Jumerca Gama na drugim ko\u0144cu w \u201eStarej\u201d cz\u0119\u015bci, gdzie znajduje si\u0119 r\u00f3wnie\u017c bankomat Sabadell Bank, chocia\u017c oddzia\u0142 zosta\u0142 zamkni\u0119ty na sta\u0142e w marcu 2020 r.<\/p>\n\n\n\n<p>Wraz z nat\u0119\u017conym rozwojem turystyki na Costa Blanca, g\u0142\u00f3wnymi mieszka\u0144cami Pinar de Campoverde stali si\u0119 Europejczycy, przede wszystkim Niemcy i Brytyjczycy, kt\u00f3rzy ceni\u0105 sobie cisz\u0119 i spok\u00f3j tego miejsca. Cho\u0107 blisko jest do zat\u0142oczonego przez wczasowicz\u00f3w wybrze\u017ca, to tutaj wci\u0105\u017c dominuje atmosfera leniwego, sennego, a przede wszystkim wyciszonego trybu \u017cycia.<\/p>\n\n\n\n<p>W okolicach znajduje si\u0119 widowiskowy w\u0105w\u00f3z, wytworzony przez rw\u0105cy nurt rzeki. Mo\u017cna przej\u015b\u0107 si\u0119 na spacer wzd\u0142u\u017c wysch\u0142ego koryta i podziwia\u0107 malownicze widoki. W pobli\u017cu Rio Seco mie\u015bci si\u0119 nowoczesne centrum sportowe z licznymi kortami tenisowymi, boiskami do koszyk\u00f3wki i pi\u0142ki no\u017cnej oraz du\u017cy basen publiczny. Ponadto s\u0105 do dyspozycji cztery pola golfowe.<\/p>\n\n\n\n<p>Pomimo swoich niewielkich rozmiar\u00f3w w Pinar de Campoverde jest sporo sklep\u00f3w, bar\u00f3w i restauracji. Ciekawostk\u0105 jest, \u017ce ka\u017cda ulica w mie\u015bcie wzi\u0119\u0142a sw\u0105 nazw\u0119 od ro\u015bliny czy zio\u0142a, jak np. Calle Bosque &#8211; Ulica Le\u015bna, Calle Meloncotonero &#8211; Ulica Brzoskiwiniowa, czy Calle Abedul &#8211;  Ulica Brzozowa.<\/p>\n\n\n\n<p>Posiadanie nieruchomo\u015bci w Pinar de Campoverde daje \u0142atwy dost\u0119p do reszty wybrze\u017ca Costa Blanca, prowincji Alicante i okolic. Do najbli\u017cszego miasta, Pinar de la Horadada dojedziemy w kilka minut samochodem, a stamt\u0105d wyjedziemy na autostrad\u0119 A-7, kt\u00f3ra biegnie z Alicante do Kartageny. Najbli\u017csza pla\u017ca oddalone s\u0105 o oko\u0142o 10 kilometr\u00f3w. Lotnisko Corvera w regionie Murcji to tylko 40 minut drogi, do lotniska w Alicante El Altet Elche dojedziemy w 50 minut.<\/p>\n\n\n\n<p>Je\u015bli szukacie Pa\u0144stwo nieruchomo\u015bci na Costa Blanca i marzycie o \u017cyciu w hiszpa\u0144skiej wiosce, otoczonej gajami cytrusowymi i oliwnymi, z \u0142atwym dost\u0119pem do wspania\u0142ych, piaszczystych pla\u017c i czystych w\u00f3d Morza \u015ar\u00f3dziemnego, to Pinar de Campoverde jest dla Was miejscem idealnym.<\/p>\n","protected":false},"excerpt":{"rendered":"<p>Pinar de Campoverde (dos\u0142ownie las sosnowy w zielonym polu) to ma\u0142a wioska po\u0142o\u017cona u podn\u00f3\u017ca pasma g\u00f3rskiego Sierra de Escalona, \u200b\u200bdziewi\u0119\u0107 kilometr\u00f3w od rady gminy Pilar de la Horadada, w prowincji Alicante w Hiszpanii. Miasto ma oko\u0142o 3000 mieszka\u0144c\u00f3w i jest oddalone o dziesi\u0119\u0107 kilometr\u00f3w od wybrze\u017ca Morza \u015ar\u00f3dziemnego. HistoriaMiasto rozwija\u0142o si\u0119 dopiero od po\u0142owy &hellip; <a href=\"https:\/\/www.mojahiszpania.eu\/index.php\/pinar-de-campoverde\/\" class=\"more-link\">Czytaj dalej <span class=\"screen-reader-text\">Pinar de Campoverde<\/span> <span class=\"meta-nav\">&rarr;<\/span><\/a><\/p>\n","protected":false},"author":1,"featured_media":0,"parent":0,"menu_order":0,"comment_status":"closed","ping_status":"closed","template":"","meta":{"footnotes":""},"class_list":["post-732","page","type-page","status-publish","hentry"],"_links":{"self":[{"href":"https:\/\/www.mojahiszpania.eu\/index.php\/wp-json\/wp\/v2\/pages\/732","targetHints":{"allow":["GET"]}}],"collection":[{"href":"https:\/\/www.mojahiszpania.eu\/index.php\/wp-json\/wp\/v2\/pages"}],"about":[{"href":"https:\/\/www.mojahiszpania.eu\/index.php\/wp-json\/wp\/v2\/types\/page"}],"author":[{"embeddable":true,"href":"https:\/\/www.mojahiszpania.eu\/index.php\/wp-json\/wp\/v2\/users\/1"}],"replies":[{"embeddable":true,"href":"https:\/\/www.mojahiszpania.eu\/index.php\/wp-json\/wp\/v2\/comments?post=732"}],"version-history":[{"count":1,"href":"https:\/\/www.mojahiszpania.eu\/index.php\/wp-json\/wp\/v2\/pages\/732\/revisions"}],"predecessor-version":[{"id":733,"href":"https:\/\/www.mojahiszpania.eu\/index.php\/wp-json\/wp\/v2\/pages\/732\/revisions\/733"}],"wp:attachment":[{"href":"https:\/\/www.mojahiszpania.eu\/index.php\/wp-json\/wp\/v2\/media?parent=732"}],"curies":[{"name":"wp","href":"https:\/\/api.w.org\/{rel}","templated":true}]}}