{"id":99,"date":"2016-02-22T13:34:42","date_gmt":"2016-02-22T12:34:42","guid":{"rendered":"http:\/\/www.mojahiszpania.eu\/?page_id=99"},"modified":"2022-06-24T11:40:15","modified_gmt":"2022-06-24T09:40:15","slug":"torrevieja","status":"publish","type":"page","link":"https:\/\/www.mojahiszpania.eu\/index.php\/miasta\/torrevieja\/","title":{"rendered":"Torrevieja, czyli Stara Wie\u017ca"},"content":{"rendered":"<p style=\"text-align: justify;\">Torrevieja, czyli Stara Wie\u017ca<\/p>\n<p style=\"text-align: justify;\"><img loading=\"lazy\" decoding=\"async\" class=\"alignnone size-full wp-image-515\" src=\"http:\/\/www.mojahiszpania.eu\/wp-content\/uploads\/2016\/02\/Torre_del_Moro_Torrevieja.jpg\" alt=\"Torre_del_Moro_Torrevieja\" width=\"1280\" height=\"854\" srcset=\"https:\/\/www.mojahiszpania.eu\/wp-content\/uploads\/2016\/02\/Torre_del_Moro_Torrevieja.jpg 1280w, https:\/\/www.mojahiszpania.eu\/wp-content\/uploads\/2016\/02\/Torre_del_Moro_Torrevieja-300x200.jpg 300w, https:\/\/www.mojahiszpania.eu\/wp-content\/uploads\/2016\/02\/Torre_del_Moro_Torrevieja-768x512.jpg 768w, https:\/\/www.mojahiszpania.eu\/wp-content\/uploads\/2016\/02\/Torre_del_Moro_Torrevieja-1024x683.jpg 1024w\" sizes=\"auto, (max-width: 1280px) 100vw, 1280px\" \/><\/p>\n<p style=\"text-align: justify;\">Torrevieja to miasto po\u0142o\u017cone 50 km na po\u0142udnie od Alicante, na wybrze\u017cu Costa Blanca. Zaledwie 10 km dalej na po\u0142udnie, w\u015br\u00f3d s\u0142onych jezior i kopal\u0144 soli, w rewelacyjnym dla zdrowia mikroklimacie znajduj\u0105 si\u0119 oferowane przez nas apartamenty i domy. Same miasto by\u0142o kiedy\u015b wiosk\u0105 uzale\u017cnion\u0105 od wydobywanego tu &#8222;bia\u0142ego z\u0142ota&#8221;, czyli soli. Obecnie s\u0142one jeziora &#8211; poza wydobyciem soli &#8211; stanowi\u0105 parki narodowe i zachwycaj\u0105 r\u00f3\u017cnorodno\u015bci\u0105 zamieszkuj\u0105cego je ptactwa, w tym r\u00f3wnie\u017c r\u00f3\u017cowych flaming\u00f3w. Ptaki te mo\u017cna ju\u017c zobaczy\u0107 podr\u00f3\u017cuj\u0105c tras\u0105 N-340, z lotniska El Altet ko\u0142o Alicante do Torrevieja. Sam rozkwit miejscowo\u015bci przypad\u0142 na XIX wiek, kiedy to kr\u00f3l Karol IV przeni\u00f3s\u0142 do Torrevieja administracj\u0119 kopalni soli i zadba\u0142 o rozw\u00f3j infrastruktury i wymiaru sprawiedliwo\u015bci. Dzi\u015b s\u00f3l jest towarem eksportowym numer jeden, a Torrevieja jest jednym z czo\u0142owych producent\u00f3w soli w Europie. Miasto zamieszkuje oficjalnie ok. 90.000 ludzi, ale szacowana w sezonie letnim liczba wraz z turystami to oko\u0142o 200.000.<\/p>\n<p style=\"text-align: justify;\">Pla\u017ce w samym mie\u015bcie s\u0105 dobrej jako\u015bci, uzyskuj\u0105 ka\u017cdego sezonu niebiesk\u0105 flag\u0119, a woda jest krystalicznie czysta woda. Z Alicante mo\u017cna dojecha\u0107 do Torrevieja autobusem linii Costa Azul. Godzina drogi z lotniska Alicante i zaledwie p\u00f3\u0142 godziny od lotniska w Murcji przyci\u0105gaj\u0105 rzesze turyst\u00f3w korzystaj\u0105cych z samochod\u00f3w, w sezonie nawet do kilku tysi\u0119cy os\u00f3b na jednej, kr\u00f3tkiej pla\u017cy miejskiej. Naj\u0142adniejsz\u0105 pla\u017c\u0105, znajduj\u0105c\u0105 si\u0119 na p\u00f3\u0142nocy miasta jest Playa La Mata. Pozosta\u0142a cz\u0119\u015b\u0107 nabrze\u017ca Torrevieja sk\u0142ada si\u0119 z kamieni i betonu.<\/p>\n<p style=\"text-align: justify;\">Architektura to g\u0142\u00f3wnie bloki z tzw.: wielkiej p\u0142yty, natomiast na obrze\u017cach znajduj\u0105 si\u0119 charakterystyczne, hiszpa\u0144skie 1 pi\u0119trowe domki. Ze starej zabudowy znajdziemy w centrum miasta Ko\u015bci\u00f3\u0142 Niepokalanego Pocz\u0119cia wzniesiony w 1789 roku i przebudowany w 1844 roku, wybudowany z kamieni starej wie\u017cy, kt\u00f3ry nada\u0142 miastu nazw\u0119, Ko\u015bci\u00f3\u0142 Naj\u015bwi\u0119tszego Serca Pana Jezusa, znany jako La Ermita. W 2007 roku zosta\u0142 on rozebrany, aby wybudowa\u0107 nowy ko\u015bci\u00f3\u0142 nowoczesny, ale opiera si\u0119 na starej kaplicy. Kolejnymi zabytkami s\u0105 Ko\u015bci\u00f3\u0142 Matki Bo\u017cej R\u00f3\u017ca\u0144cowej w La Mata zbudowany w 1896 roku oraz Casino (nie myli\u0107 z kasynem gry) &#8211; modernistyczny budynek z 1896 roku. Niedaleko centrum znajduje si\u0119 r\u00f3wnie\u017c wie\u017ca &#8211; symbol miasta, z kt\u00f3rej rozpo\u015bciera si\u0119 pi\u0119kny widok na ca\u0142\u0105 Torrevieja. Miasto posiada liczne, muzea, teatry, deptaki (nad samym morzem oraz w centrum miasta) i parki. Najciekawszy z nich, jest przy wje\u017adzie do Torrevieja od strony Mursji.<\/p>\n<p style=\"text-align: justify;\">Zdrowy mikroklimat w okolicy zapewniaj\u0105 z\u0142o\u017ca soli. Do solnych jezior mo\u017cna si\u0119 dosta\u0107 jedynie samochodem. Na wylocie miasta w kierunku Alicante po lewej stronie mo\u017cna zwiedzi\u0107 park naturalny. Prosz\u0119 pami\u0119ta\u0107, \u017ce informacja turystyczna oraz hiszpa\u0144skie sklepy zamkni\u0119te s\u0105 w godzinach siesty 13:00 do 17:00.<\/p>\n<p style=\"text-align: justify;\">&nbsp;<img loading=\"lazy\" decoding=\"async\" class=\"alignnone size-full wp-image-516\" src=\"http:\/\/www.mojahiszpania.eu\/wp-content\/uploads\/2016\/02\/Mirador_Torre_del_Moro_Torrevieja.jpg\" alt=\"Mirador_Torre_del_Moro_Torrevieja\" width=\"1280\" height=\"854\" srcset=\"https:\/\/www.mojahiszpania.eu\/wp-content\/uploads\/2016\/02\/Mirador_Torre_del_Moro_Torrevieja.jpg 1280w, https:\/\/www.mojahiszpania.eu\/wp-content\/uploads\/2016\/02\/Mirador_Torre_del_Moro_Torrevieja-300x200.jpg 300w, https:\/\/www.mojahiszpania.eu\/wp-content\/uploads\/2016\/02\/Mirador_Torre_del_Moro_Torrevieja-768x512.jpg 768w, https:\/\/www.mojahiszpania.eu\/wp-content\/uploads\/2016\/02\/Mirador_Torre_del_Moro_Torrevieja-1024x683.jpg 1024w\" sizes=\"auto, (max-width: 1280px) 100vw, 1280px\" \/><\/p>\n<p style=\"text-align: justify;\">Tutaj znajdziecie lokalizacj\u0119 starej wie\u017cy, sk\u0105d rozpo\u015bciera si\u0119 pi\u0119kny widok na Torrevieja i okolice<\/p>\n<p style=\"text-align: justify;\"><a href=\"https:\/\/www.google.com\/maps\/d\/viewer?mid=zSrSlTKaTu_Q.kBnrlv7Ni3xA&amp;usp=sharing\">https:\/\/www.google.com\/maps\/d\/viewer?mid=zSrSlTKaTu_Q.kBnrlv7Ni3xA&amp;usp=sharing<\/a><\/p>\n<p><img loading=\"lazy\" decoding=\"async\" class=\"alignnone size-full wp-image-308\" src=\"http:\/\/www.mojahiszpania.eu\/wp-content\/uploads\/2016\/02\/mapka_Stara_Wieza.jpg\" alt=\"mapka_Stara_Wieza\" width=\"655\" height=\"633\" srcset=\"https:\/\/www.mojahiszpania.eu\/wp-content\/uploads\/2016\/02\/mapka_Stara_Wieza.jpg 655w, https:\/\/www.mojahiszpania.eu\/wp-content\/uploads\/2016\/02\/mapka_Stara_Wieza-300x290.jpg 300w\" sizes=\"auto, (max-width: 655px) 100vw, 655px\" \/><\/p>\n<p>&nbsp;<\/p>\n","protected":false},"excerpt":{"rendered":"<p>Torrevieja, czyli Stara Wie\u017ca Torrevieja to miasto po\u0142o\u017cone 50 km na po\u0142udnie od Alicante, na wybrze\u017cu Costa Blanca. Zaledwie 10 km dalej na po\u0142udnie, w\u015br\u00f3d s\u0142onych jezior i kopal\u0144 soli, w rewelacyjnym dla zdrowia mikroklimacie znajduj\u0105 si\u0119 oferowane przez nas apartamenty i domy. Same miasto by\u0142o kiedy\u015b wiosk\u0105 uzale\u017cnion\u0105 od wydobywanego tu &#8222;bia\u0142ego z\u0142ota&#8221;, czyli &hellip; <a href=\"https:\/\/www.mojahiszpania.eu\/index.php\/miasta\/torrevieja\/\" class=\"more-link\">Czytaj dalej <span class=\"screen-reader-text\">Torrevieja, czyli Stara Wie\u017ca<\/span> <span class=\"meta-nav\">&rarr;<\/span><\/a><\/p>\n","protected":false},"author":1,"featured_media":0,"parent":4,"menu_order":1,"comment_status":"closed","ping_status":"closed","template":"","meta":{"footnotes":""},"class_list":["post-99","page","type-page","status-publish","hentry"],"_links":{"self":[{"href":"https:\/\/www.mojahiszpania.eu\/index.php\/wp-json\/wp\/v2\/pages\/99","targetHints":{"allow":["GET"]}}],"collection":[{"href":"https:\/\/www.mojahiszpania.eu\/index.php\/wp-json\/wp\/v2\/pages"}],"about":[{"href":"https:\/\/www.mojahiszpania.eu\/index.php\/wp-json\/wp\/v2\/types\/page"}],"author":[{"embeddable":true,"href":"https:\/\/www.mojahiszpania.eu\/index.php\/wp-json\/wp\/v2\/users\/1"}],"replies":[{"embeddable":true,"href":"https:\/\/www.mojahiszpania.eu\/index.php\/wp-json\/wp\/v2\/comments?post=99"}],"version-history":[{"count":5,"href":"https:\/\/www.mojahiszpania.eu\/index.php\/wp-json\/wp\/v2\/pages\/99\/revisions"}],"predecessor-version":[{"id":727,"href":"https:\/\/www.mojahiszpania.eu\/index.php\/wp-json\/wp\/v2\/pages\/99\/revisions\/727"}],"up":[{"embeddable":true,"href":"https:\/\/www.mojahiszpania.eu\/index.php\/wp-json\/wp\/v2\/pages\/4"}],"wp:attachment":[{"href":"https:\/\/www.mojahiszpania.eu\/index.php\/wp-json\/wp\/v2\/media?parent=99"}],"curies":[{"name":"wp","href":"https:\/\/api.w.org\/{rel}","templated":true}]}}